{"id":20006002,"date":"2021-01-07T20:35:16","date_gmt":"2021-01-07T19:35:16","guid":{"rendered":"http:\/\/test.s385-fair4host.http-s.de\/index.php\/produkt\/hp-940xl-1-stuecke-original-hohe-xl-ausbeute-magenta\/"},"modified":"2021-01-07T20:35:16","modified_gmt":"2021-01-07T19:35:16","slug":"hp-940xl-1-stuecke-original-hohe-xl-ausbeute-magenta","status":"publish","type":"product","link":"http:\/\/test.s385-fair4host.http-s.de\/index.php\/produkt\/hp-940xl-1-stuecke-original-hohe-xl-ausbeute-magenta\/","title":{"rendered":"HP 940XL 1 St\u00fcck(e) Original Hohe (XL-) Ausbeute Magenta"},"content":{"rendered":"<p>Ideal f\u00fcr Heim-, Kleinst- und Kleinb\u00fcros, in denen h\u00e4ufig gedruckt wird.<br \/>HP 940XL Magenta Tintenpatronen mit hoher Reichweite sorgen f\u00fcr erschwingliche Farbdokumente in professioneller Qualit\u00e4t. F\u00fcr B\u00fcros konzipierte pigmentbasierte Tinten erzeugen eindrucksvolle, langlebige Ausdrucke auf Normalpapier.<\/p>\n","protected":false},"excerpt":{"rendered":"<p>940XL Magenta Original Druckerpatrone mit hoher Reichweite<\/p>\n","protected":false},"featured_media":20006003,"comment_status":"open","ping_status":"closed","template":"","meta":{"spay_email":""},"_links":{"self":[{"href":"http:\/\/test.s385-fair4host.http-s.de\/index.php\/wp-json\/wp\/v2\/product\/20006002"}],"collection":[{"href":"http:\/\/test.s385-fair4host.http-s.de\/index.php\/wp-json\/wp\/v2\/product"}],"about":[{"href":"http:\/\/test.s385-fair4host.http-s.de\/index.php\/wp-json\/wp\/v2\/types\/product"}],"replies":[{"embeddable":true,"href":"http:\/\/test.s385-fair4host.http-s.de\/index.php\/wp-json\/wp\/v2\/comments?post=20006002"}],"wp:featuredmedia":[{"embeddable":true,"href":"http:\/\/test.s385-fair4host.http-s.de\/index.php\/wp-json\/wp\/v2\/media\/20006003"}],"wp:attachment":[{"href":"http:\/\/test.s385-fair4host.http-s.de\/index.php\/wp-json\/wp\/v2\/media?parent=20006002"}],"curies":[{"name":"wp","href":"https:\/\/api.w.org\/{rel}","templated":true}]}}