{"id":20005998,"date":"2021-01-07T20:35:03","date_gmt":"2021-01-07T19:35:03","guid":{"rendered":"http:\/\/test.s385-fair4host.http-s.de\/index.php\/produkt\/hp-940xl-1-stuecke-original-hohe-xl-ausbeute-schwarz\/"},"modified":"2021-01-07T20:35:03","modified_gmt":"2021-01-07T19:35:03","slug":"hp-940xl-1-stuecke-original-hohe-xl-ausbeute-schwarz","status":"publish","type":"product","link":"http:\/\/test.s385-fair4host.http-s.de\/index.php\/produkt\/hp-940xl-1-stuecke-original-hohe-xl-ausbeute-schwarz\/","title":{"rendered":"HP 940XL 1 St\u00fcck(e) Original Hohe (XL-) Ausbeute Schwarz"},"content":{"rendered":"<p>Ideal f\u00fcr Heim-, Kleinst- und Kleinb\u00fcros, in denen h\u00e4ufig gedruckt wird.<br \/>Mit HP 940XL Schwarz Tintenpatronen mit hoher Reichweite und HP Tinten drucken Sie schwarzen Text in Laserqualit\u00e4t. F\u00fcr B\u00fcros konzipierte pigmentbasierte Tinten erzeugen professionelle Ausdrucke auf Normalpapier.<\/p>\n","protected":false},"excerpt":{"rendered":"<p>940XL Schwarz Original Druckerpatrone mit hoher Reichweite<\/p>\n","protected":false},"featured_media":20005999,"comment_status":"open","ping_status":"closed","template":"","meta":{"spay_email":""},"_links":{"self":[{"href":"http:\/\/test.s385-fair4host.http-s.de\/index.php\/wp-json\/wp\/v2\/product\/20005998"}],"collection":[{"href":"http:\/\/test.s385-fair4host.http-s.de\/index.php\/wp-json\/wp\/v2\/product"}],"about":[{"href":"http:\/\/test.s385-fair4host.http-s.de\/index.php\/wp-json\/wp\/v2\/types\/product"}],"replies":[{"embeddable":true,"href":"http:\/\/test.s385-fair4host.http-s.de\/index.php\/wp-json\/wp\/v2\/comments?post=20005998"}],"wp:featuredmedia":[{"embeddable":true,"href":"http:\/\/test.s385-fair4host.http-s.de\/index.php\/wp-json\/wp\/v2\/media\/20005999"}],"wp:attachment":[{"href":"http:\/\/test.s385-fair4host.http-s.de\/index.php\/wp-json\/wp\/v2\/media?parent=20005998"}],"curies":[{"name":"wp","href":"https:\/\/api.w.org\/{rel}","templated":true}]}}