{"id":20005990,"date":"2021-01-07T20:34:58","date_gmt":"2021-01-07T19:34:58","guid":{"rendered":"http:\/\/test.s385-fair4host.http-s.de\/index.php\/produkt\/d-link-go-sw-5g-unmanaged-gigabit-ethernet-10-100-1000-weiss\/"},"modified":"2021-01-07T20:34:58","modified_gmt":"2021-01-07T19:34:58","slug":"d-link-go-sw-5g-unmanaged-gigabit-ethernet-10-100-1000-weiss","status":"publish","type":"product","link":"http:\/\/test.s385-fair4host.http-s.de\/index.php\/produkt\/d-link-go-sw-5g-unmanaged-gigabit-ethernet-10-100-1000-weiss\/","title":{"rendered":"D-Link GO-SW-5G Unmanaged Gigabit Ethernet (10\/100\/1000) Wei\u00df"},"content":{"rendered":"<p>Mit dem dlinkgo GO-SW-5G 5-Port Gigabit Easy Desktop Switch k\u00f6nnen Sie schnell und einfach ein leistungsstarkes, zuverl\u00e4ssiges und effizientes kabelgebundenes Netzwerk einrichten. Der GO-SW-5G ist ein 10\/100\/1000 Mbit\/s-Switch, der entwickelt wurde, um die Leistung kleiner Arbeitsgruppen zu erh\u00f6hen und gleichzeitig hohe Flexibilit\u00e4t zu erm\u00f6glichen. Leistungsstark und trotzdem \u00e4u\u00dferst benutzerfreundlich, k\u00f6nnen Anwender einfach jeden beliebigen Anschluss dieses Switches per Plug &#038; Play mit einem 10 Mbit\/s-, 100 Mbit\/s-Netzwerk oder einem 1000 Mbit\/s-Netzwerk verbinden und so die Brandbreite erh\u00f6hen, Antwortzeiten verk\u00fcrzen und Reserven f\u00fcr die Bew\u00e4ltigung selbst extremster Lastsituationen schaffen. Verbinden Sie den GO-SW-5G mit mehreren Computern, um Dateien und Ordner f\u00fcr andere Nutzer freizugeben, oder verbinden Sie ihn mit einem Router, um die Internetverbindung gemeinsam zu nutzen.<\/p>\n<p>M\u00fchelos hohe Geschwindigkeit<\/p>\n<p>Der GO-SW-5G ist mit Autosensing-f\u00e4higen 10\/100\/1000 Mbit\/s-Ethernet-Anschl\u00fcssen ausgestattet. Jeder Anschluss verf\u00fcgt \u00fcber eine LED-Anzeige, welche einen schnellen \u00dcberblick \u00fcber Verbindungsstatus und Aktivit\u00e4t bietet. Die Anschl\u00fcsse erkennen die Netzwerkgeschwindigkeit und f\u00fchren automatisch die Aushandlung zwischen 10BASE-T, 100BASE-TX und 1000BASE-T sowie zwischen Full- und Half-Duplex durch. Dadurch ist bei jedem Ger\u00e4t, das mit dem Netzwerk verbunden wird, die optimale \u00dcbertragungsgeschwindigkeit sichergestellt, was das Surfen im Internet, Videostreaming und Online-Spiele beschleunigt. Zus\u00e4tzlich unterst\u00fctzt der GO-SW-5G die automatische MDI\/MDIX-Erkennung, sodass jeder Anschluss \u00fcber ein normales, ungekreuztes Twisted-Pair-Ethernet-Kabel direkt mit einem Server, Hub, Router oder Switch verbunden werden kann.<\/p>\n<p>Zuverl\u00e4ssige Plug &#038; Play-Installation<\/p>\n<p>Der GO-SW-5G ist ein Plug &#038; Play-Ger\u00e4t, das keinerlei Konfiguration erfordert, sodass die Einrichtung schnell und problemlos verl\u00e4uft. Sie k\u00f6nnen sofort ganz einfach mehrere Computer anschlie\u00dfen, um Dateien, Musik und Videos in Ihrem Heimnetzwerk oder Ihrem kleinen B\u00fcronetzwerk freizugeben, und sogar eine Spielumgebung f\u00fcr mehrere Mitspieler schaffen. Die 802.3x-Flusssteuerung an allen Anschl\u00fcssen minimiert die Anzahl der verworfenen Pakete, wenn der Empfangspuffer eines Anschlusses voll ist. Dies bedeutet eine zuverl\u00e4ssigere Verbindung f\u00fcr all Ihre angeschlossenen Ger\u00e4te.<\/p>\n<p>Umweltfreundlich<\/p>\n<p>Der GO-SW-5G ist mit der D-Link Green-Technologie ausgestattet, welche den Energieverbrauch erheblich reduziert. Wenn an einem Anschluss kein Computer angeschlossen oder der angeschlossene Computer ausgeschaltet ist, wechselt der Anschluss automatisch in den \u201eRuhezustand\u201c. Dadurch wird der Stromverbrauch erheblich gesenkt, ohne dass die Netzwerkverbindung unterbrochen wird. Dar\u00fcber hinaus erkennt der Switch automatisch die L\u00e4nge der angeschlossenen Ethernet-Kabel und passt den Stromverbrauch an, ohne die Leistung zu beeintr\u00e4chtigen. Dies bewirkt eine erhebliche Reduzierung des Gesamtstromverbrauchs, was ganz ohne Mikro-Management gleichzeitig Geld spart und zum Umweltschutz beitr\u00e4gt.<\/p>\n<p>Klein und ger\u00e4uschlos<\/p>\n<p>Der GO-SW-5G verf\u00fcgt \u00fcber ein elegantes und kompaktes Design und kann problemlos und unauff\u00e4llig an jeder leicht zug\u00e4nglichen Position platziert werden. Der Netzanschluss und s\u00e4mtliche Netzwerkanschl\u00fcsse befinden sich auf der R\u00fcckseite des Ger\u00e4ts, sodass die Kabel bequem verstaut werden k\u00f6nnen. Der GO-SW-5G kommt ohne L\u00fcfter aus und arbeitet daher v\u00f6llig ger\u00e4uschlos und gleichzeitig effizient, damit Sie aus dem Internet gestreamte Videos ohne Unterbrechungen genie\u00dfen und sorgenfrei im Internet surfen k\u00f6nnen.<\/p>\n","protected":false},"excerpt":{"rendered":"<p>5 x 10\/100\/1000BASE-T Gigabit LAN, MAC 4K, Jumbo frame, 91 x 73 x 22 mm, 80 g<\/p>\n","protected":false},"featured_media":20005991,"comment_status":"open","ping_status":"closed","template":"","meta":{"spay_email":""},"_links":{"self":[{"href":"http:\/\/test.s385-fair4host.http-s.de\/index.php\/wp-json\/wp\/v2\/product\/20005990"}],"collection":[{"href":"http:\/\/test.s385-fair4host.http-s.de\/index.php\/wp-json\/wp\/v2\/product"}],"about":[{"href":"http:\/\/test.s385-fair4host.http-s.de\/index.php\/wp-json\/wp\/v2\/types\/product"}],"replies":[{"embeddable":true,"href":"http:\/\/test.s385-fair4host.http-s.de\/index.php\/wp-json\/wp\/v2\/comments?post=20005990"}],"wp:featuredmedia":[{"embeddable":true,"href":"http:\/\/test.s385-fair4host.http-s.de\/index.php\/wp-json\/wp\/v2\/media\/20005991"}],"wp:attachment":[{"href":"http:\/\/test.s385-fair4host.http-s.de\/index.php\/wp-json\/wp\/v2\/media?parent=20005990"}],"curies":[{"name":"wp","href":"https:\/\/api.w.org\/{rel}","templated":true}]}}