{"id":20005988,"date":"2021-01-07T20:34:57","date_gmt":"2021-01-07T19:34:57","guid":{"rendered":"http:\/\/test.s385-fair4host.http-s.de\/index.php\/produkt\/d-link-ac1200-wlan-867-mbit-s\/"},"modified":"2021-01-07T20:34:57","modified_gmt":"2021-01-07T19:34:57","slug":"d-link-ac1200-wlan-867-mbit-s","status":"publish","type":"product","link":"http:\/\/test.s385-fair4host.http-s.de\/index.php\/produkt\/d-link-ac1200-wlan-867-mbit-s\/","title":{"rendered":"D-Link AC1200 WLAN 867 Mbit\/s"},"content":{"rendered":"<p><b>Leistungsspektrum dieses Produkts<\/b><br \/>Mit dem Wireless AC Dualband-Adapter verbinden Sie Ihren Laptop oder Desktop mit den h\u00f6chsten heute drahtlos m\u00f6glichen Geschwindigkeiten mit dem Internet. Schlie\u00dfen Sie den Adapter einfach an einen freien USB-Anschluss an, um eine sichere und schnelle Internetverbindung zu nutzen. Mit seiner integrierten Dualband-Technologie erreicht der Dongle zwei drahtlose Netzwerke: Sie k\u00f6nnen im 2,4-Ghz-Band E-Mails abrufen oder im Internet surfen und im weniger stark ausgelasteten 5-Ghz-Band spielen oder Inhalte streamen. Nutzen Sie ab sofort eine st\u00f6rungsfreie, schnelle Verbindung!<\/p>\n<p><b>Wireless AC-Technologie<\/b><br \/>Der neue 802.11ac-Standard bietet hohe Geschwindigkeiten, eine gr\u00f6\u00dfere Netzabdeckung zu Hause und weniger Funkschatten. Profitieren Sie von bisher unerreichten drahtlosen \u00dcbertragungsgeschwindigkeiten f\u00fcr ruckelfreies HD-Videostreaming auf mehrere Ger\u00e4te. Das Herunterladen von Web-Inhalten und das Synchronisieren von Dateien mit Mobilger\u00e4ten ist im Vergleich zum Vorg\u00e4ngerstandard bis zu viermal so schnell m\u00f6glich.*<br \/>Verbessern Sie die drahtlose Netzabdeckung zu Hause drastisch, so dass Sie Videos in HD- Qualit\u00e4t auf mehr Ger\u00e4ten und an mehr Orten gleichzeitig ansehen k\u00f6nnen. Mit allen drahtlosen Ger\u00e4ten kompatibel Der Wireless AC Dualband-Adapter bringt den brandneuen und schnellen 802.11ac-Standard zu Ihnen nach Hause, ist aber auch mit allen vorhandenen drahtlosen Ger\u00e4ten r\u00fcckw\u00e4rtskompatibel \u2013 Updates oder Adapter sind nicht erforderlich<\/p>\n","protected":false},"excerpt":{"rendered":"<p>802.11 a\/g\/n\/ac, 2.4GHz\/5GHz, up to 867 Mbps, USB, 20.5g<\/p>\n","protected":false},"featured_media":20005989,"comment_status":"open","ping_status":"closed","template":"","meta":{"spay_email":""},"_links":{"self":[{"href":"http:\/\/test.s385-fair4host.http-s.de\/index.php\/wp-json\/wp\/v2\/product\/20005988"}],"collection":[{"href":"http:\/\/test.s385-fair4host.http-s.de\/index.php\/wp-json\/wp\/v2\/product"}],"about":[{"href":"http:\/\/test.s385-fair4host.http-s.de\/index.php\/wp-json\/wp\/v2\/types\/product"}],"replies":[{"embeddable":true,"href":"http:\/\/test.s385-fair4host.http-s.de\/index.php\/wp-json\/wp\/v2\/comments?post=20005988"}],"wp:featuredmedia":[{"embeddable":true,"href":"http:\/\/test.s385-fair4host.http-s.de\/index.php\/wp-json\/wp\/v2\/media\/20005989"}],"wp:attachment":[{"href":"http:\/\/test.s385-fair4host.http-s.de\/index.php\/wp-json\/wp\/v2\/media?parent=20005988"}],"curies":[{"name":"wp","href":"https:\/\/api.w.org\/{rel}","templated":true}]}}