{"id":20005986,"date":"2021-01-07T20:34:55","date_gmt":"2021-01-07T19:34:55","guid":{"rendered":"http:\/\/test.s385-fair4host.http-s.de\/index.php\/produkt\/d-link-dcs-932l-indoor-cube-640-x-480-pixel\/"},"modified":"2021-01-07T20:34:55","modified_gmt":"2021-01-07T19:34:55","slug":"d-link-dcs-932l-indoor-cube-640-x-480-pixel","status":"publish","type":"product","link":"http:\/\/test.s385-fair4host.http-s.de\/index.php\/produkt\/d-link-dcs-932l-indoor-cube-640-x-480-pixel\/","title":{"rendered":"D-Link DCS-932L Indoor Cube 640 x 480 Pixel"},"content":{"rendered":"<p>&#8211; Hervorragende Aufnahmen &#8211; auch bei ung\u00fcnstigen Lichtverh\u00e4ltnissen<br \/>&#8211; Infrarot LEDs f\u00fcr Aufnahmen bei vollkommener Dunkelheit<br \/>&#8211; Mit nur drei einfachen Schritten einsatzbereit<br \/>&#8211; Integrierter Bewegungssensor und Mikrofon<br \/>&#8211; Wireless-N Technologie zur flexiblen Positionierung der Kamera<br \/>&#8211; Kostenfreie Nutzung des mydlink-Portals<br \/>&#8211; Live-Video-Stream am Computer, Smartphone oder Tablet-PC anschauen<br \/>&#8211; Kostenloses mydlink-App f\u00fcr iPhone\/iPad bzw. Android-Smartphone<\/p>\n<p>Die Wireless N Kamera DCS-932L ist eine vielseitige \u00dcberwachungsl\u00f6sung f\u00fcr Ihr Zuhause, das B\u00fcro oder Ladengesch\u00e4ft. In Verbindung mit dem Internetportal mydlink k\u00f6nnen Sie von \u00fcberall her den Live-Video-Stream der DCS-932L anschauen \u2013 ob via Browser am Computer oder via App auf dem Smartphone bzw. Tablet-PC.<\/p>\n<p><b>Alles im Blick &#8211; rund um die Uhr!<\/b><br \/>mydlink ist der schnellste und einfachste Weg f\u00fcr mobilen Zugriff auf Ihre D-Link Netzwerkkamera. Innerhalb weniger Minuten ist die DCS-932L einsatzbereit und Ihr mydlink-Konto eingerichtet. Ab sofort k\u00f6nnen Sie auf den Live-Video-Stream von bis zu vier IP-Kameras von jedem beliebigen Computer zugreifen.<\/p>\n<p>Auch von unterwegs entgeht Ihnen nichts! Mit der kostenfreien mydlink-App streamen Sie Live-Videos direkt auf Ihr Smartphone (iPhone oder Android) oder Ihren Tablet-PC. F\u00fcr den mobilen Zugang ben\u00f6tigen Sie lediglich eine Internetverbindung.<\/p>\n<p><b>Flexible Positionierung<\/b><br \/>Dank ihrer geringen Abmessungen und der integrierten Wireless LAN-Funktion l\u00e4sst sich die IP-Kamera besonders flexibel positionieren. Ohne das Verlegen von Kabeln kann die DCS-932L direkt auf die Zielumgebung bzw. das Zielobjekt ausgerichtet werden. Der Wireless N Standard sorgt mit bis zu 300 Mbit\/s f\u00fcr eine schnelle Bild\u00fcbertragung.<\/p>\n<p><b>Aufnahmen bei Tag &#038; Nacht<\/b><br \/>Die DCS-932L liefert qualitativ hochwertige Bilder mit einer Aufl\u00f6sung von bis zu 640&#215;480 Pixel. Durch integrierte Infrarot LEDs entstehen auch bei vollkommener Dunkelheit klare und deutliche Aufnahmen. Der digitale Zoom erm\u00f6glicht zudem einen genauen Blick auf die Umgebung &#8211; die Bilder k\u00f6nnen bis zu 4x vergr\u00f6\u00dfert werden.<\/p>\n<p><b>D-ViewCam<\/b><br \/>Im Lieferumfang der DCS-932L ist die Software D-ViewCam enthalten. Bis zu 32 Kameras lassen sich dar\u00fcber gleichzeitig zentral verwalten. Zudem k\u00f6nnen Sie gezielt definieren, wann Aufnahmen aufgezeichnet werden sollen: per Zeitplan, durch den integrierten Bewegungssensor oder manuell.<br \/>Lassen Sie sich zus\u00e4tzlich \u00fcber Ereignisse, die durch den Bewegungssensor ausgel\u00f6st wurden, direkt via Email informieren. \u00dcber das mydlink-Portal k\u00f6nnen Sie sofort pr\u00fcfen, ob alles in Ordnung ist.<\/p>\n<p>Bitte machen Sie sich mit den rechtlichen Bestimmungen f\u00fcr die Nutzung von IP-\u00dcberwachungskameras im privaten oder gesch\u00e4ftlichen Umfeld vertraut, bevor Sie dieses Produkt einsetzen.<\/p>\n","protected":false},"excerpt":{"rendered":"<p>DCS-932L, 10\/100Base-TX, 802.11b\/g\/n, 32 MB SDRAM, MJPEG\/JPEG, 1 Lux, 2 W<\/p>\n","protected":false},"featured_media":20005987,"comment_status":"open","ping_status":"closed","template":"","meta":{"spay_email":""},"_links":{"self":[{"href":"http:\/\/test.s385-fair4host.http-s.de\/index.php\/wp-json\/wp\/v2\/product\/20005986"}],"collection":[{"href":"http:\/\/test.s385-fair4host.http-s.de\/index.php\/wp-json\/wp\/v2\/product"}],"about":[{"href":"http:\/\/test.s385-fair4host.http-s.de\/index.php\/wp-json\/wp\/v2\/types\/product"}],"replies":[{"embeddable":true,"href":"http:\/\/test.s385-fair4host.http-s.de\/index.php\/wp-json\/wp\/v2\/comments?post=20005986"}],"wp:featuredmedia":[{"embeddable":true,"href":"http:\/\/test.s385-fair4host.http-s.de\/index.php\/wp-json\/wp\/v2\/media\/20005987"}],"wp:attachment":[{"href":"http:\/\/test.s385-fair4host.http-s.de\/index.php\/wp-json\/wp\/v2\/media?parent=20005986"}],"curies":[{"name":"wp","href":"https:\/\/api.w.org\/{rel}","templated":true}]}}