{"id":20005982,"date":"2021-01-07T20:34:53","date_gmt":"2021-01-07T19:34:53","guid":{"rendered":"http:\/\/test.s385-fair4host.http-s.de\/index.php\/produkt\/d-link-dgs-1008d-e-netzwerk-switch-unmanaged-l2-gigabit-ethernet-10-100-1000-schwarz\/"},"modified":"2021-01-07T20:34:53","modified_gmt":"2021-01-07T19:34:53","slug":"d-link-dgs-1008d-e-netzwerk-switch-unmanaged-l2-gigabit-ethernet-10-100-1000-schwarz","status":"publish","type":"product","link":"http:\/\/test.s385-fair4host.http-s.de\/index.php\/produkt\/d-link-dgs-1008d-e-netzwerk-switch-unmanaged-l2-gigabit-ethernet-10-100-1000-schwarz\/","title":{"rendered":"D-Link DGS-1008D\/E Netzwerk-Switch Unmanaged L2 Gigabit Ethernet (10\/100\/1000) Schwarz"},"content":{"rendered":"<p>Der 8-Port Gigabit Desktop Switch DGS-1008D z\u00e4hlt zur Baureihe der SOHO-Ger\u00e4te von D-Link, mit der Sie auf einfache Weise Ihr Netzwerk ausbauen und erweitern k\u00f6nnen. Die \u201eGreen\u201c-Technologie von D-Link bewirkt Energieeinsparungen, reduziert die Abw\u00e4rme und verl\u00e4ngert die Lebensdauer ohne Abstriche bei Leistung und Funktionen.<\/p>\n<p>Dieser kompakte Switch bietet acht Plug &#038; Play Anschl\u00fcsse an kleine B\u00fcros, Arbeitsgruppen und Abteilungsnetzwerke mit 10\/100\/1000Mbit. Der Gigabit Switch kommt ohne L\u00fcfter aus und ist damit optimal f\u00fcr den Einsatz direkt am Arbeitsplatz geeignet.<\/p>\n<p>Der DGS-1008D unterst\u00fctzt Geschwindigkeiten von bis zu 2000Mbit\/s (Full-Duplex) sowie Flow-Control gem\u00e4\u00df IEEE 802.3x f\u00fcr schnelle und kontinuierliche Daten\u00fcbermittlungen. F\u00fcr zeitkritische Anwendungen unterst\u00fctzt der Desktop-Switch das Protokoll 802.1p (QoS).<\/p>\n<p>Energiesparende Funktionen mit dlink|green<\/p>\n<p>Mit dlink|green integrieren wir energiesparende Funktionen in den DGS-1008D. Einsparungen von bis zu 44% lassen sich so realisieren, ohne Einbu\u00dfen hinsichtlich Leistung und Funktionalit\u00e4t. Die Betriebskosten werden reduziert und durch eine geringere W\u00e4rmeabgabe wird die Lebensdauer des Switches verl\u00e4ngert.<\/p>\n","protected":false},"excerpt":{"rendered":"<p>Unmanaged, 8 x RJ-45, 1000BASE-T Gigabit Ethernet, MAC 4K, QoS, Jumbo frame, 111 x 75 x 30 mm<\/p>\n","protected":false},"featured_media":20005983,"comment_status":"open","ping_status":"closed","template":"","meta":{"spay_email":""},"_links":{"self":[{"href":"http:\/\/test.s385-fair4host.http-s.de\/index.php\/wp-json\/wp\/v2\/product\/20005982"}],"collection":[{"href":"http:\/\/test.s385-fair4host.http-s.de\/index.php\/wp-json\/wp\/v2\/product"}],"about":[{"href":"http:\/\/test.s385-fair4host.http-s.de\/index.php\/wp-json\/wp\/v2\/types\/product"}],"replies":[{"embeddable":true,"href":"http:\/\/test.s385-fair4host.http-s.de\/index.php\/wp-json\/wp\/v2\/comments?post=20005982"}],"wp:featuredmedia":[{"embeddable":true,"href":"http:\/\/test.s385-fair4host.http-s.de\/index.php\/wp-json\/wp\/v2\/media\/20005983"}],"wp:attachment":[{"href":"http:\/\/test.s385-fair4host.http-s.de\/index.php\/wp-json\/wp\/v2\/media?parent=20005982"}],"curies":[{"name":"wp","href":"https:\/\/api.w.org\/{rel}","templated":true}]}}