{"id":20005972,"date":"2021-01-07T20:34:37","date_gmt":"2021-01-07T19:34:37","guid":{"rendered":"http:\/\/test.s385-fair4host.http-s.de\/index.php\/produkt\/brother-lc-121valbpdr-druckerpatrone-4-stuecke-original-schwarz-cyan-magenta-gelb\/"},"modified":"2021-01-07T20:34:37","modified_gmt":"2021-01-07T19:34:37","slug":"brother-lc-121valbpdr-druckerpatrone-4-stuecke-original-schwarz-cyan-magenta-gelb","status":"publish","type":"product","link":"http:\/\/test.s385-fair4host.http-s.de\/index.php\/produkt\/brother-lc-121valbpdr-druckerpatrone-4-stuecke-original-schwarz-cyan-magenta-gelb\/","title":{"rendered":"Brother LC-121VALBPDR Druckerpatrone 4 St\u00fcck(e) Original Schwarz, Cyan, Magenta, Gelb"},"content":{"rendered":"<p><b>dokumentenecht, umweltfreundlich, original<\/b><\/p>\n<p><b>100 Jahre Lichtechtheit<\/b><br \/>Brother Tintenpatronen sind besonders gut zum Ausdrucken von Dokumenten geeignet, die \u00fcber einen l\u00e4ngeren Zeitraum archiviert werden sollen. Bei gleichzeitiger Verwendung des Druckpapiers Brother BP-71 &#8211; das optimal auf die Zusammensetzung der in der Druckerpatrone enthaltenen Tinte abgestimmt ist \u2013 garantieren wir sogar \u00fcber einen Zeitraum von 100 Jahren Lichtechtheit.<\/p>\n<p><b>4 separate Patronen<\/b><br \/>Alle Brother Tinten-Multifunktionsger\u00e4te haben f\u00fcr jede Farbe separate Tintenpatronen. Es muss nur die Patrone ersetzt werden, die auch tats\u00e4chlich verbraucht wurde. Somit schonen Sie die Umwelt und Ihren Geldbeutel.<\/p>\n<p><b>Blauer Engel<\/b><br \/>Brother Tintenpatronen haben zusammen mit dem getesteten Ger\u00e4t die Blauer Engel Zertifizierung nach RAL-ZU 122 erworben und sind somit als besonders umwelt- und ressourcenschonend anzusehen.<\/p>\n","protected":false},"excerpt":{"rendered":"<p>Blistertintenset mit Security-Tag (bestehend aus 4 Tintenpatronen &#8211; Schwarz,Cyan, Magenta, Gelb) f\u00fcr je 300 Seiten gem\u00e4\u00df ISO\/IEC 24711<\/p>\n","protected":false},"featured_media":20005973,"comment_status":"open","ping_status":"closed","template":"","meta":{"spay_email":""},"_links":{"self":[{"href":"http:\/\/test.s385-fair4host.http-s.de\/index.php\/wp-json\/wp\/v2\/product\/20005972"}],"collection":[{"href":"http:\/\/test.s385-fair4host.http-s.de\/index.php\/wp-json\/wp\/v2\/product"}],"about":[{"href":"http:\/\/test.s385-fair4host.http-s.de\/index.php\/wp-json\/wp\/v2\/types\/product"}],"replies":[{"embeddable":true,"href":"http:\/\/test.s385-fair4host.http-s.de\/index.php\/wp-json\/wp\/v2\/comments?post=20005972"}],"wp:featuredmedia":[{"embeddable":true,"href":"http:\/\/test.s385-fair4host.http-s.de\/index.php\/wp-json\/wp\/v2\/media\/20005973"}],"wp:attachment":[{"href":"http:\/\/test.s385-fair4host.http-s.de\/index.php\/wp-json\/wp\/v2\/media?parent=20005972"}],"curies":[{"name":"wp","href":"https:\/\/api.w.org\/{rel}","templated":true}]}}