{"id":20005950,"date":"2021-01-07T20:34:22","date_gmt":"2021-01-07T19:34:22","guid":{"rendered":"http:\/\/test.s385-fair4host.http-s.de\/index.php\/produkt\/brother-dr-241cl-drucker-trommel-original\/"},"modified":"2021-01-07T20:34:22","modified_gmt":"2021-01-07T19:34:22","slug":"brother-dr-241cl-drucker-trommel-original","status":"publish","type":"product","link":"http:\/\/test.s385-fair4host.http-s.de\/index.php\/produkt\/brother-dr-241cl-drucker-trommel-original\/","title":{"rendered":"Brother DR-241CL Drucker-Trommel Original"},"content":{"rendered":"<p>Die Brother DR-241CL Trommeleinheit ist speziell abgestimmt auf jede Komponente Ihres Ger\u00e4tes, f\u00fcr perfekte Ausdrucke und minimalen Ger\u00e4teverschlei\u00df.<\/p>\n<p>Dieses Trommeleinheiten-Pack ist kompatibel mit den Ger\u00e4ten HL-3140CW, HL-3142CW, HL-3150CDW, HL-3152CDW, HL-3170CDW, HL-3172CDW, DCP-9017CDW, DCP-9020CDW, DCP-9022CDW, MFC-9140CDN, MFC-9142CDN, MFC-9330CDW, MFC-9332CDW, MFC-9340CDW, MFC-9342CDW und enth\u00e4lt 4 Einheiten mit einer Reichweite von je 15.000 A4 Seiten, bei einer Seite pro Druckjob.<\/p>\n","protected":false},"excerpt":{"rendered":"<p>DR-241CL Trommeleinheit f\u00fcr 15.000 Seiten<\/p>\n","protected":false},"featured_media":20005951,"comment_status":"open","ping_status":"closed","template":"","meta":{"spay_email":""},"_links":{"self":[{"href":"http:\/\/test.s385-fair4host.http-s.de\/index.php\/wp-json\/wp\/v2\/product\/20005950"}],"collection":[{"href":"http:\/\/test.s385-fair4host.http-s.de\/index.php\/wp-json\/wp\/v2\/product"}],"about":[{"href":"http:\/\/test.s385-fair4host.http-s.de\/index.php\/wp-json\/wp\/v2\/types\/product"}],"replies":[{"embeddable":true,"href":"http:\/\/test.s385-fair4host.http-s.de\/index.php\/wp-json\/wp\/v2\/comments?post=20005950"}],"wp:featuredmedia":[{"embeddable":true,"href":"http:\/\/test.s385-fair4host.http-s.de\/index.php\/wp-json\/wp\/v2\/media\/20005951"}],"wp:attachment":[{"href":"http:\/\/test.s385-fair4host.http-s.de\/index.php\/wp-json\/wp\/v2\/media?parent=20005950"}],"curies":[{"name":"wp","href":"https:\/\/api.w.org\/{rel}","templated":true}]}}