{"id":20005944,"date":"2021-01-07T20:34:18","date_gmt":"2021-01-07T19:34:18","guid":{"rendered":"http:\/\/test.s385-fair4host.http-s.de\/index.php\/produkt\/brother-lc-123valbpdr-druckerpatrone-4-stuecke-original-schwarz-cyan-magenta-gelb\/"},"modified":"2021-01-07T20:34:18","modified_gmt":"2021-01-07T19:34:18","slug":"brother-lc-123valbpdr-druckerpatrone-4-stuecke-original-schwarz-cyan-magenta-gelb","status":"publish","type":"product","link":"http:\/\/test.s385-fair4host.http-s.de\/index.php\/produkt\/brother-lc-123valbpdr-druckerpatrone-4-stuecke-original-schwarz-cyan-magenta-gelb\/","title":{"rendered":"Brother LC-123VALBPDR Druckerpatrone 4 St\u00fcck(e) Original Schwarz, Cyan, Magenta, Gelb"},"content":{"rendered":"<p><b>Blistertintenset mit Security-Tag (bestehend aus 4 Tintenpatronen &#8211; Schwarz,Cyan, Magenta, Gelb) f\u00fcr je 600 Seiten gem\u00e4\u00df ISO\/IEC 24711<\/b><\/p>\n<p><b>PTS<\/b><br \/>Diese Auszeichnung der Papiertechnischen Stiftung (PTS) bescheinigt unseren Tintenpatronen die f\u00fcr viele Anwendungszwecke (z.B. Erstellung notarieller Urkunden) gesetzlich vorgeschriebene Dokumentenechtheit.<\/p>\n<p><b>100 Jahre Lichtechtheit<\/b><br \/>Brother Tintenpatronen sind besonders gut zum Ausdrucken von Dokumenten geeignet, die \u00fcber einen l\u00e4ngeren Zeitraum archiviert werden sollen. Bei gleichzeitiger Verwendung des Druckpapiers Brother BP-71 &#8211; das optimal auf die Zusammensetzung der in der Druckerpatrone enthaltenen Tinte abgestimmt ist \u2013 garantieren wir sogar \u00fcber einen Zeitraum von 100 Jahren Lichtechtheit.<\/p>\n<p><b>4 separate Patronen<\/b><br \/>Alle Brother Tinten-Multifunktionsger\u00e4te haben f\u00fcr jede Farbe separate Tintenpatronen. Es muss nur die Patrone ersetzt werden, die auch tats\u00e4chlich verbraucht wurde. Somit schonen Sie die Umwelt und Ihren Geldbeutel.<\/p>\n<p><b>Blauer Engel<\/b><br \/>Brother Tintenpatronen haben zusammen mit dem getesteten Ger\u00e4t die Blauer Engel Zertifizierung nach RAL-ZU 122 erworben und sind somit als besonders umwelt- und ressourcenschonend anzusehen.<\/p>\n","protected":false},"excerpt":{"rendered":"<p>LC-123 Valuepack Blistertintenset &#8211; Schwarz, Cyan, Magenta, Gelb, 600 Seiten<\/p>\n","protected":false},"featured_media":20005945,"comment_status":"open","ping_status":"closed","template":"","meta":{"spay_email":""},"_links":{"self":[{"href":"http:\/\/test.s385-fair4host.http-s.de\/index.php\/wp-json\/wp\/v2\/product\/20005944"}],"collection":[{"href":"http:\/\/test.s385-fair4host.http-s.de\/index.php\/wp-json\/wp\/v2\/product"}],"about":[{"href":"http:\/\/test.s385-fair4host.http-s.de\/index.php\/wp-json\/wp\/v2\/types\/product"}],"replies":[{"embeddable":true,"href":"http:\/\/test.s385-fair4host.http-s.de\/index.php\/wp-json\/wp\/v2\/comments?post=20005944"}],"wp:featuredmedia":[{"embeddable":true,"href":"http:\/\/test.s385-fair4host.http-s.de\/index.php\/wp-json\/wp\/v2\/media\/20005945"}],"wp:attachment":[{"href":"http:\/\/test.s385-fair4host.http-s.de\/index.php\/wp-json\/wp\/v2\/media?parent=20005944"}],"curies":[{"name":"wp","href":"https:\/\/api.w.org\/{rel}","templated":true}]}}