{"id":20005942,"date":"2021-01-07T20:34:17","date_gmt":"2021-01-07T19:34:17","guid":{"rendered":"http:\/\/test.s385-fair4host.http-s.de\/index.php\/produkt\/brother-lc-123-3-stuecke-original-cyan-magenta-gelb\/"},"modified":"2021-01-07T20:34:17","modified_gmt":"2021-01-07T19:34:17","slug":"brother-lc-123-3-stuecke-original-cyan-magenta-gelb","status":"publish","type":"product","link":"http:\/\/test.s385-fair4host.http-s.de\/index.php\/produkt\/brother-lc-123-3-stuecke-original-cyan-magenta-gelb\/","title":{"rendered":"Brother LC-123 3 St\u00fcck(e) Original Cyan, Magenta, Gelb"},"content":{"rendered":"<p>Blister Farb Tinten Set mit Security-Tag (bestehend aus 3 Tintenpatronen &#8211; Cyan, Magenta, Gelb) f\u00fcr je 600 Seiten gem\u00e4\u00df ISO\/IEC 24711.<\/p>\n<p><b>Verbrauchsmaterial kompatibel zu folgenden Ger\u00e4ten:<\/b><br \/>&#8211; DCP-J4110DW;<br \/>&#8211; MFC-J4410DW;<br \/>&#8211; MFC-J4510DW;<br \/>&#8211; MFC-J4610DW.<\/p>\n","protected":false},"excerpt":{"rendered":"<p>LC-123 &#8211; 600 Seiten, Cyan\/Magenta\/Gelb, 3St.<\/p>\n","protected":false},"featured_media":20005943,"comment_status":"open","ping_status":"closed","template":"","meta":{"spay_email":""},"_links":{"self":[{"href":"http:\/\/test.s385-fair4host.http-s.de\/index.php\/wp-json\/wp\/v2\/product\/20005942"}],"collection":[{"href":"http:\/\/test.s385-fair4host.http-s.de\/index.php\/wp-json\/wp\/v2\/product"}],"about":[{"href":"http:\/\/test.s385-fair4host.http-s.de\/index.php\/wp-json\/wp\/v2\/types\/product"}],"replies":[{"embeddable":true,"href":"http:\/\/test.s385-fair4host.http-s.de\/index.php\/wp-json\/wp\/v2\/comments?post=20005942"}],"wp:featuredmedia":[{"embeddable":true,"href":"http:\/\/test.s385-fair4host.http-s.de\/index.php\/wp-json\/wp\/v2\/media\/20005943"}],"wp:attachment":[{"href":"http:\/\/test.s385-fair4host.http-s.de\/index.php\/wp-json\/wp\/v2\/media?parent=20005942"}],"curies":[{"name":"wp","href":"https:\/\/api.w.org\/{rel}","templated":true}]}}