{"id":20005936,"date":"2021-01-07T20:34:03","date_gmt":"2021-01-07T19:34:03","guid":{"rendered":"http:\/\/test.s385-fair4host.http-s.de\/index.php\/produkt\/brother-lc-123m-druckerpatrone-1-stuecke-original-hohe-xl-ausbeute-magenta\/"},"modified":"2021-01-07T20:34:03","modified_gmt":"2021-01-07T19:34:03","slug":"brother-lc-123m-druckerpatrone-1-stuecke-original-hohe-xl-ausbeute-magenta","status":"publish","type":"product","link":"http:\/\/test.s385-fair4host.http-s.de\/index.php\/produkt\/brother-lc-123m-druckerpatrone-1-stuecke-original-hohe-xl-ausbeute-magenta\/","title":{"rendered":"Brother LC-123M Druckerpatrone 1 St\u00fcck(e) Original Hohe (XL-) Ausbeute Magenta"},"content":{"rendered":"<p>Die Tintenpatrone ist kompatibel mit DCP-J132W \/ DCP-J152W \/ DCP-J172W \/ DCP-J552DW \/ DCP-J752DW \/ DCP-J4110DW \/ MFC-J245 \/ MFC-J470DW \/ MFC-J650DW \/ MFC-J870DW \/ MFC-J4410DW \/ MFC-J4510DW \/ MFC-J4610DW \/ MFC-J4710DW \/ MFC-J6520DW \/ MFC-J6720DW \/ MFC-J6920DW.<\/p>\n<p>F\u00fcr 600 Seiten DIN A4 gem\u00e4\u00df ISO\/IEC 24711.<\/p>\n<p><b>Qualit\u00e4t an oberster Stelle <\/b><br \/>Sie haben in einen qualitativ hochwertigen Drucker investiert \u2013 machen Sie jetzt keine Abstriche bei der Qualit\u00e4t von Tinte, Toner und Papier. G\u00fcnstige Drittanbieterprodukte k\u00f6nnen nicht nur die Qualit\u00e4t Ihrer Ausdrucke massiv beeintr\u00e4chtigen, sondern auch Sch\u00e4den am Ger\u00e4t verursachen, die auf lange Sicht sehr kostspielig sein k\u00f6nnen. Nur durch die Nutzung von Original Brother Verbrauchsmaterial wird Ihnen ein exzellentes Ergebnis Ihrer Ausdrucke garantiert.<\/p>\n<p><b>Warum Sie sich f\u00fcr Original Brother Verbrauchsmaterial entscheiden sollten<\/b><br \/>Sagen Sie NEIN zu F\u00e4lschungen Wie in jeder anderen Industrie, in der Qualit\u00e4t von zentraler Bedeutung ist, werden auch Druckerpatronen und Tonerkartuschen ins Visier von F\u00e4lschern genommen. Mit den Brother Sicherheitsstandards k\u00f6nnen Sie F\u00e4lschungen erkennen und Fehlk\u00e4ufe vermeiden.<\/p>\n<p><b>Jeder Druck qualitativ hochwertig<\/b><br \/>Original Brother Tinten und Toner werden so hergestellt, dass jeder Druck auf Anhieb qualitativ hochwertig ist, bei jedem Ausdruck &#8211; garantiert zuverl\u00e4ssig, mit Schutz f\u00fcr Ger\u00e4t und Druckkopf. So sparen Sie wertvolle Zeit, Geld und Papier.<\/p>\n<p><b>Langlebigkeit<\/b><br \/>Original Brother Tinten und Papiere sind speziell aufeinander abgestimmt, um bestm\u00f6gliche Ergebnisse zu erzielen. Daher garantieren wir auf Fotoausdrucke in dieser Kombination eine Lichtechtheit gegen Verblassen von bis zu 100 Jahren.<\/p>\n<p><b>Scharfer und klarer Bilddruck<\/b><br \/>Schmalere Tr\u00f6pfchengr\u00f6\u00dfen helfen, Ihre Bilder noch sch\u00e4rfer und klarer zu drucken. Die neue Generation der Brother Tinten hat eine au\u00dfergew\u00f6hnliche und erweiterte Farbreichweite wodurch noch lebhaftere Bilder gedruckt werden.<\/p>\n","protected":false},"excerpt":{"rendered":"<p>Tintenpatrone LC-123M (Magenta)<\/p>\n","protected":false},"featured_media":20005937,"comment_status":"open","ping_status":"closed","template":"","meta":{"spay_email":""},"_links":{"self":[{"href":"http:\/\/test.s385-fair4host.http-s.de\/index.php\/wp-json\/wp\/v2\/product\/20005936"}],"collection":[{"href":"http:\/\/test.s385-fair4host.http-s.de\/index.php\/wp-json\/wp\/v2\/product"}],"about":[{"href":"http:\/\/test.s385-fair4host.http-s.de\/index.php\/wp-json\/wp\/v2\/types\/product"}],"replies":[{"embeddable":true,"href":"http:\/\/test.s385-fair4host.http-s.de\/index.php\/wp-json\/wp\/v2\/comments?post=20005936"}],"wp:featuredmedia":[{"embeddable":true,"href":"http:\/\/test.s385-fair4host.http-s.de\/index.php\/wp-json\/wp\/v2\/media\/20005937"}],"wp:attachment":[{"href":"http:\/\/test.s385-fair4host.http-s.de\/index.php\/wp-json\/wp\/v2\/media?parent=20005936"}],"curies":[{"name":"wp","href":"https:\/\/api.w.org\/{rel}","templated":true}]}}