{"id":20005890,"date":"2021-01-07T20:33:15","date_gmt":"2021-01-07T19:33:15","guid":{"rendered":"http:\/\/test.s385-fair4host.http-s.de\/index.php\/produkt\/brother-lc-985-c-m-y-3-stuecke-original-cyan-magenta-gelb\/"},"modified":"2021-01-07T20:33:15","modified_gmt":"2021-01-07T19:33:15","slug":"brother-lc-985-c-m-y-3-stuecke-original-cyan-magenta-gelb","status":"publish","type":"product","link":"http:\/\/test.s385-fair4host.http-s.de\/index.php\/produkt\/brother-lc-985-c-m-y-3-stuecke-original-cyan-magenta-gelb\/","title":{"rendered":"Brother LC-985 C\/M\/Y 3 St\u00fcck(e) Original Cyan, Magenta, Gelb"},"content":{"rendered":"<p><b>lichtecht, umweltfreundlich, original<\/b><\/p>\n<p><b>100 Jahre Lichtechtheit<\/b><\/p>\n<p>Brother Tintenpatronen sind besonders gut zum Ausdrucken von Dokumenten geeignet, die \u00fcber einen l\u00e4ngeren Zeitraum archiviert werden sollen. Bei gleichzeitiger Verwendung des Druckpapiers Brother BP-71 &#8211; das optimal auf die Zusammensetzung der in der Druckerpatrone enthaltenen Tinte abgestimmt ist \u2013 garantieren wir sogar \u00fcber einen Zeitraum von 100 Jahren Lichtechtheit.<\/p>\n<p><b>Garantierte Reichweite des Verbrauchsmaterials<\/b><\/p>\n<p>Die Reichweite aller Brother Tintenpatronen wurde von einer unabh\u00e4ngigen Kommission best\u00e4tigt. Die Internationale Organisation f\u00fcr Normung (ISO) best\u00e4tigt die von uns angegebenen Reichweiten aller Verbrauchsmaterialien.<\/p>\n<p><b>4 separate Patronen<\/b><\/p>\n<p>Alle Brother Tinten-Multifunktionsger\u00e4te haben f\u00fcr jede Farbe separate Tintenpatronen. Es muss nur die Patrone ersetzt werden, die auch tats\u00e4chlich verbraucht wurde. Somit schonen Sie die Umwelt und Ihren Geldbeutel.<\/p>\n<p><b>Blauer Engel<\/b><\/p>\n<p>Brother Tintenpatronen haben zusammen mit dem getesteten Ger\u00e4t die Blauer Engel Zertifizierung nach RAL-ZU 122 erworben und sind somit als besonders umwelt- und ressourcenschonend anzusehen.<\/p>\n","protected":false},"excerpt":{"rendered":"<p>Tinte Rainbow LC-985 C\/M\/Y, Blistertinte + Security-Tag<\/p>\n","protected":false},"featured_media":20005891,"comment_status":"open","ping_status":"closed","template":"","meta":{"spay_email":""},"_links":{"self":[{"href":"http:\/\/test.s385-fair4host.http-s.de\/index.php\/wp-json\/wp\/v2\/product\/20005890"}],"collection":[{"href":"http:\/\/test.s385-fair4host.http-s.de\/index.php\/wp-json\/wp\/v2\/product"}],"about":[{"href":"http:\/\/test.s385-fair4host.http-s.de\/index.php\/wp-json\/wp\/v2\/types\/product"}],"replies":[{"embeddable":true,"href":"http:\/\/test.s385-fair4host.http-s.de\/index.php\/wp-json\/wp\/v2\/comments?post=20005890"}],"wp:featuredmedia":[{"embeddable":true,"href":"http:\/\/test.s385-fair4host.http-s.de\/index.php\/wp-json\/wp\/v2\/media\/20005891"}],"wp:attachment":[{"href":"http:\/\/test.s385-fair4host.http-s.de\/index.php\/wp-json\/wp\/v2\/media?parent=20005890"}],"curies":[{"name":"wp","href":"https:\/\/api.w.org\/{rel}","templated":true}]}}