{"id":20005804,"date":"2021-01-07T20:31:57","date_gmt":"2021-01-07T19:31:57","guid":{"rendered":"http:\/\/test.s385-fair4host.http-s.de\/index.php\/produkt\/brother-lc970y-1-stuecke-original-gelb\/"},"modified":"2021-01-07T20:31:57","modified_gmt":"2021-01-07T19:31:57","slug":"brother-lc970y-1-stuecke-original-gelb","status":"publish","type":"product","link":"http:\/\/test.s385-fair4host.http-s.de\/index.php\/produkt\/brother-lc970y-1-stuecke-original-gelb\/","title":{"rendered":"Brother LC970Y 1 St\u00fcck(e) Original Gelb"},"content":{"rendered":"<p><b>4 separate Patronen<\/b><br \/>Alle Brother Tinten-Multifunktionsger\u00e4te haben f\u00fcr jede Farbe separate Tintenpatronen. Es muss nur die Patrone ersetzt werden, die auch tats\u00e4chlich verbraucht wurde. Somit schonen Sie die Umwelt und Ihren Geldbeutel.<\/p>\n<p><b>Blauer Engel<\/b><br \/>Brother Tintenpatronen haben zusammen mit dem getesteten Ger\u00e4t die Blauer Engel Zertifizierung nach RAL-ZU 122 erworben und sind somit als besonders umwelt- und ressourcenschonend anzusehen.<\/p>\n","protected":false},"excerpt":{"rendered":"<p>Gelb, 300 Seiten<\/p>\n","protected":false},"featured_media":20005805,"comment_status":"open","ping_status":"closed","template":"","meta":{"spay_email":""},"_links":{"self":[{"href":"http:\/\/test.s385-fair4host.http-s.de\/index.php\/wp-json\/wp\/v2\/product\/20005804"}],"collection":[{"href":"http:\/\/test.s385-fair4host.http-s.de\/index.php\/wp-json\/wp\/v2\/product"}],"about":[{"href":"http:\/\/test.s385-fair4host.http-s.de\/index.php\/wp-json\/wp\/v2\/types\/product"}],"replies":[{"embeddable":true,"href":"http:\/\/test.s385-fair4host.http-s.de\/index.php\/wp-json\/wp\/v2\/comments?post=20005804"}],"wp:featuredmedia":[{"embeddable":true,"href":"http:\/\/test.s385-fair4host.http-s.de\/index.php\/wp-json\/wp\/v2\/media\/20005805"}],"wp:attachment":[{"href":"http:\/\/test.s385-fair4host.http-s.de\/index.php\/wp-json\/wp\/v2\/media?parent=20005804"}],"curies":[{"name":"wp","href":"https:\/\/api.w.org\/{rel}","templated":true}]}}