{"id":20005788,"date":"2021-01-07T20:31:36","date_gmt":"2021-01-07T19:31:36","guid":{"rendered":"http:\/\/test.s385-fair4host.http-s.de\/index.php\/produkt\/brother-tn3130-1-stuecke-original-schwarz\/"},"modified":"2021-01-07T20:31:36","modified_gmt":"2021-01-07T19:31:36","slug":"brother-tn3130-1-stuecke-original-schwarz","status":"publish","type":"product","link":"http:\/\/test.s385-fair4host.http-s.de\/index.php\/produkt\/brother-tn3130-1-stuecke-original-schwarz\/","title":{"rendered":"Brother TN3130 1 St\u00fcck(e) Original Schwarz"},"content":{"rendered":"<p>Diese Tonerkassette ist kompatibel mit folgenden Ger\u00e4ten: HL-5250DNHY \/ HL-5240L \/ DCP-8060 \/ HL-5250DN \/ HL-5270DN \/ HL-5270DN2LT \/ DCP-8065DN \/ HL-5280DW \/ MFC-8460N \/ MFC-8860DN \/ MFC-8870DW und hat eine Reichweite von 3.500 Seiten, bei 5% Deckung.<\/p>\n<p><b>Qualit\u00e4t an oberster Stelle<\/b> <br \/>Sie haben in einen qualitativ hochwertigen Drucker investiert \u2013 machen Sie jetzt keine Abstriche bei der Qualit\u00e4t von Tinte, Toner und Papier. G\u00fcnstige Drittanbieterprodukte k\u00f6nnen nicht nur die Qualit\u00e4t Ihrer Ausdrucke massiv beeintr\u00e4chtigen, sondern auch Sch\u00e4den am Ger\u00e4t verursachen, die auf lange Sicht sehr kostspielig sein k\u00f6nnen. Nur durch die Nutzung von Original Brother Verbrauchsmaterial wird Ihnen ein exzellentes Ergebnis Ihrer Ausdrucke garantiert.<\/p>\n<p><b>Jeder Druck qualitativ hochwertig<\/b><br \/>Original Brother Tinten und Toner werden so hergestellt, dass jeder Druck auf Anhieb qualitativ hochwertig ist, bei jedem Ausdruck &#8211; garantiert zuverl\u00e4ssig, mit Schutz f\u00fcr Ger\u00e4t und Druckkopf. So sparen Sie wertvolle Zeit, Geld und Papier.<\/p>\n<p><b>Langlebigkeit<\/b><br \/>Original Brother Tinten und Papiere sind speziell aufeinander abgestimmt, um bestm\u00f6gliche Ergebnisse zu erzielen. Daher garantieren wir auf Fotoausdrucke in dieser Kombination eine Lichtechtheit gegen Verblassen von bis zu 100 Jahren.<\/p>\n<p><b>Scharfer und klarer Bilddruck<\/b><br \/>Schmalere Tr\u00f6pfchengr\u00f6\u00dfen helfen, Ihre Bilder noch sch\u00e4rfer und klarer zu drucken. Die neue Generation der Brother Tinten hat eine au\u00dfergew\u00f6hnliche und erweiterte Farbreichweite wodurch noch lebhaftere Bilder gedruckt werden.<\/p>\n","protected":false},"excerpt":{"rendered":"<p>TN-3130 Toner schwarz<\/p>\n","protected":false},"featured_media":20005789,"comment_status":"open","ping_status":"closed","template":"","meta":{"spay_email":""},"_links":{"self":[{"href":"http:\/\/test.s385-fair4host.http-s.de\/index.php\/wp-json\/wp\/v2\/product\/20005788"}],"collection":[{"href":"http:\/\/test.s385-fair4host.http-s.de\/index.php\/wp-json\/wp\/v2\/product"}],"about":[{"href":"http:\/\/test.s385-fair4host.http-s.de\/index.php\/wp-json\/wp\/v2\/types\/product"}],"replies":[{"embeddable":true,"href":"http:\/\/test.s385-fair4host.http-s.de\/index.php\/wp-json\/wp\/v2\/comments?post=20005788"}],"wp:featuredmedia":[{"embeddable":true,"href":"http:\/\/test.s385-fair4host.http-s.de\/index.php\/wp-json\/wp\/v2\/media\/20005789"}],"wp:attachment":[{"href":"http:\/\/test.s385-fair4host.http-s.de\/index.php\/wp-json\/wp\/v2\/media?parent=20005788"}],"curies":[{"name":"wp","href":"https:\/\/api.w.org\/{rel}","templated":true}]}}