{"id":20005784,"date":"2021-01-07T20:31:32","date_gmt":"2021-01-07T19:31:32","guid":{"rendered":"http:\/\/test.s385-fair4host.http-s.de\/index.php\/produkt\/hp-45-1-stuecke-original-hohe-xl-ausbeute-schwarz\/"},"modified":"2021-01-07T20:31:32","modified_gmt":"2021-01-07T19:31:32","slug":"hp-45-1-stuecke-original-hohe-xl-ausbeute-schwarz","status":"publish","type":"product","link":"http:\/\/test.s385-fair4host.http-s.de\/index.php\/produkt\/hp-45-1-stuecke-original-hohe-xl-ausbeute-schwarz\/","title":{"rendered":"HP 45 1 St\u00fcck(e) Original Hohe (XL-) Ausbeute Schwarz"},"content":{"rendered":"<p>Die HP 45 Druckpatrone schwarz (42 ml), ist die ideale Wahl f\u00fcr h\u00e4ufige Nutzer von HP Deskjets, Officejets oder Photosmart Druckern, die im B\u00fcro oder zu Hause kosteng\u00fcnstig zahlreiche gestochen scharfe Ausdrucke erstellen m\u00f6chten. Weitere Zielgruppen: Besitzer von HP Designjets \u2013 z.B. Architekten, Grafiker, Gutachter, Kartographen und Ingenieure \u2013 die CAD-Software oder RIP einsetzen.<br \/>Die HP 45 Druckpatrone schwarz (51645A), mit hoher Ergiebigkeit, nutzt die spezielle pigmentierte HP Tinte und bietet eine Aufl\u00f6sung von echten 600 x 600 dpi. Das Ergebnis: eine optimale Druckqualit\u00e4t auf HP Spezialpapieren und Folien \u2013 mit HP Deskjets, HP Officejets, HP Designjets und HP Photosmart Druckern.<\/p>\n","protected":false},"excerpt":{"rendered":"<p>45 Schwarz Original Druckerpatrone gro\u00df<\/p>\n","protected":false},"featured_media":20005785,"comment_status":"open","ping_status":"closed","template":"","meta":{"spay_email":""},"_links":{"self":[{"href":"http:\/\/test.s385-fair4host.http-s.de\/index.php\/wp-json\/wp\/v2\/product\/20005784"}],"collection":[{"href":"http:\/\/test.s385-fair4host.http-s.de\/index.php\/wp-json\/wp\/v2\/product"}],"about":[{"href":"http:\/\/test.s385-fair4host.http-s.de\/index.php\/wp-json\/wp\/v2\/types\/product"}],"replies":[{"embeddable":true,"href":"http:\/\/test.s385-fair4host.http-s.de\/index.php\/wp-json\/wp\/v2\/comments?post=20005784"}],"wp:featuredmedia":[{"embeddable":true,"href":"http:\/\/test.s385-fair4host.http-s.de\/index.php\/wp-json\/wp\/v2\/media\/20005785"}],"wp:attachment":[{"href":"http:\/\/test.s385-fair4host.http-s.de\/index.php\/wp-json\/wp\/v2\/media?parent=20005784"}],"curies":[{"name":"wp","href":"https:\/\/api.w.org\/{rel}","templated":true}]}}