{"id":20005782,"date":"2021-01-07T20:31:31","date_gmt":"2021-01-07T19:31:31","guid":{"rendered":"http:\/\/test.s385-fair4host.http-s.de\/index.php\/produkt\/apc-rbc6-usv-batterie-plombierte-bleisaeure-vrla\/"},"modified":"2021-01-07T20:31:31","modified_gmt":"2021-01-07T19:31:31","slug":"apc-rbc6-usv-batterie-plombierte-bleisaeure-vrla","status":"publish","type":"product","link":"http:\/\/test.s385-fair4host.http-s.de\/index.php\/produkt\/apc-rbc6-usv-batterie-plombierte-bleisaeure-vrla\/","title":{"rendered":"APC RBC6 USV-Batterie Plombierte Bleis\u00e4ure (VRLA)"},"content":{"rendered":"<p>Die Ersatzbatterien (Replacement Battery Cartridges- RBCs) von APC sind sicher und zuverl\u00e4ssig und sparen Zeit durch eine minimale Anzahl von Anschl\u00fcssen. Die RBCs von APC lassen sich im laufenden Betrieb austauschen, sodass keine Netzausfallzeiten f\u00fcr die Installation erforderlich sind.<\/p>\n","protected":false},"excerpt":{"rendered":"<p>Ersatzbatterie Nr. 6<\/p>\n","protected":false},"featured_media":20005783,"comment_status":"open","ping_status":"closed","template":"","meta":{"spay_email":""},"_links":{"self":[{"href":"http:\/\/test.s385-fair4host.http-s.de\/index.php\/wp-json\/wp\/v2\/product\/20005782"}],"collection":[{"href":"http:\/\/test.s385-fair4host.http-s.de\/index.php\/wp-json\/wp\/v2\/product"}],"about":[{"href":"http:\/\/test.s385-fair4host.http-s.de\/index.php\/wp-json\/wp\/v2\/types\/product"}],"replies":[{"embeddable":true,"href":"http:\/\/test.s385-fair4host.http-s.de\/index.php\/wp-json\/wp\/v2\/comments?post=20005782"}],"wp:featuredmedia":[{"embeddable":true,"href":"http:\/\/test.s385-fair4host.http-s.de\/index.php\/wp-json\/wp\/v2\/media\/20005783"}],"wp:attachment":[{"href":"http:\/\/test.s385-fair4host.http-s.de\/index.php\/wp-json\/wp\/v2\/media?parent=20005782"}],"curies":[{"name":"wp","href":"https:\/\/api.w.org\/{rel}","templated":true}]}}