{"id":20005780,"date":"2021-01-07T20:31:30","date_gmt":"2021-01-07T19:31:30","guid":{"rendered":"http:\/\/test.s385-fair4host.http-s.de\/index.php\/produkt\/logitech-k740-tastatur-usb-qwertz-deutsch-schwarz\/"},"modified":"2021-01-07T20:31:30","modified_gmt":"2021-01-07T19:31:30","slug":"logitech-k740-tastatur-usb-qwertz-deutsch-schwarz","status":"publish","type":"product","link":"http:\/\/test.s385-fair4host.http-s.de\/index.php\/produkt\/logitech-k740-tastatur-usb-qwertz-deutsch-schwarz\/","title":{"rendered":"Logitech K740 Tastatur USB QWERTZ Deutsch Schwarz"},"content":{"rendered":"<p><b>Tippen Sie Tag und Nacht<\/b><\/p>\n<p>Die beleuchteten Tasten sind deutlich und leicht lesbar beschriftet. So k\u00f6nnen Sie selbst bei schwacher Beleuchtung oder im Dunkeln arbeiten, ob Sie nun gelegentlich auf die Tastatur schauen oder nicht.<\/p>\n<p><b>Elegant und schlank<\/b><\/p>\n<p>Mit ihrem flachen Profil und ultraschlanken Design ist diese kompakte Tastatur die perfekte Verbindung aus Funktionalit\u00e4t und Stil. Genau das Richtige f\u00fcr Ihren Schreibtisch.<\/p>\n<p><b>Komfortabel und leise<\/b><\/p>\n<p>Mit dem Logitech PerfectStroke\u2122-Tastendesign tippen Sie komfortabel und fl\u00fcsterleise. Die weiche Handballenauflage sorgt dabei f\u00fcr die Entspannung Ihrer H\u00e4nde.<\/p>\n<p><b>Lasergravierte Tastenbeschriftung und Tastenbeleuchtung<\/b><\/p>\n<p>Komfortabel tippen \u2013 auch bei ged\u00e4mpfter Beleuchtung und im Dunkeln. Die beleuchteten Tasten sind deutlich und leicht lesbar beschriftet. Damit Sie sich ganz aufs Wesentliche konzentrieren k\u00f6nnen, sind nur die wichtigsten Zeichen beleuchtet.<\/p>\n<p><b>Manuell einstellbare Helligkeit<\/b><\/p>\n<p>Sie k\u00f6nnen die Beleuchtungsst\u00e4rke manuell \u00fcber die Helligkeitstaste rechts oben auf der Tastatur anpassen. Drei verschiedene Helligkeitsstufen und die M\u00f6glichkeit, die Beleuchtung auszuschalten, lassen keine W\u00fcnsche offen.<\/p>\n<p><b>USB-Anschluss<\/b><\/p>\n<p>Schlie\u00dfen Sie einfach das USB-Kabel an und tippen Sie los. Mit dem ca. 1,8 Meter langen Kabel ist die Verbindung zum Computer kein Problem \u2013 ob er nun unter oder auf Ihrem Schreibtisch steht.<\/p>\n<p><b>Elegantes Design<\/b><\/p>\n<p>Die Tastatur in klassischem Schwarz zeigt mit einem Hauch Orange die Funktionen der FN-Tasten an. Die linke, obere und rechte Kante ist mit einer transparenten Leiste verziert. Eine passende Leiste in gl\u00e4nzendem Schwarz grenzt zudem die Tasten von der Handballenauflage ab. Die LEDs der Num-, Feststell- und Rollentasten befinden sich auf der schwarz gl\u00e4nzenden Leiste rechts auf der Tastatur. So bringen Sie Eleganz auf Ihren Schreibtisch.<\/p>\n<p><b>Extrem flaches Tastaturprofil<\/b><\/p>\n<p>Die Tastatur ist erstaunlich flach, besonders aus seitlicher Sicht. Vom Rand bis zu den Tasten ist sie selbst an der dicksten Stelle nur 9,3 mm d\u00fcnn und sorgt damit f\u00fcr mehr Platz auf Ihrem Schreibtisch.<\/p>\n<p><b>Logitech PerfectStroke\u2122 &#8211; Tastendesign<\/b><\/p>\n<p>Das PerfectStroke-Tastendesign verteilt die Kraft gleichm\u00e4\u00dfig auf die Tasten, wodurch das Tippen nat\u00fcrlich, fl\u00fcssig und fl\u00fcsterleise wird \u2013 auch, wenn Sie die Kante einer Taste treffen.<\/p>\n<p><b>Weiche Handballenauflage<\/b><\/p>\n<p>Mit der weichen Gummibeschichtung der integrierten Handballenauflage steht Ihr Komfort an erster Stelle. Ihre H\u00e4nde sollten sich beim Tippen frei \u00fcber der Handballenauflage bewegen k\u00f6nnen. Wenn Sie eine Pause einlegen, entspannen sich Ihre Handgelenke auf der Handballenauflage. Indem Sie die Tastatur flach auf dem Schreibtisch positionieren, bleiben Ihre Handgelenke in einer nat\u00fcrlicheren Haltung. Sie k\u00f6nnen die Tastaturf\u00fc\u00dfe aber auch ganz nach Bedarf verstellen.<\/p>\n","protected":false},"excerpt":{"rendered":"<p>Illuminated Keyboard K740, USB<\/p>\n","protected":false},"featured_media":20005781,"comment_status":"open","ping_status":"closed","template":"","meta":{"spay_email":""},"_links":{"self":[{"href":"http:\/\/test.s385-fair4host.http-s.de\/index.php\/wp-json\/wp\/v2\/product\/20005780"}],"collection":[{"href":"http:\/\/test.s385-fair4host.http-s.de\/index.php\/wp-json\/wp\/v2\/product"}],"about":[{"href":"http:\/\/test.s385-fair4host.http-s.de\/index.php\/wp-json\/wp\/v2\/types\/product"}],"replies":[{"embeddable":true,"href":"http:\/\/test.s385-fair4host.http-s.de\/index.php\/wp-json\/wp\/v2\/comments?post=20005780"}],"wp:featuredmedia":[{"embeddable":true,"href":"http:\/\/test.s385-fair4host.http-s.de\/index.php\/wp-json\/wp\/v2\/media\/20005781"}],"wp:attachment":[{"href":"http:\/\/test.s385-fair4host.http-s.de\/index.php\/wp-json\/wp\/v2\/media?parent=20005780"}],"curies":[{"name":"wp","href":"https:\/\/api.w.org\/{rel}","templated":true}]}}