{"id":20005778,"date":"2021-01-07T20:31:18","date_gmt":"2021-01-07T19:31:18","guid":{"rendered":"http:\/\/test.s385-fair4host.http-s.de\/index.php\/produkt\/logitech-b100-maus-beidhaendig-usb-typ-a-optisch-800-dpi\/"},"modified":"2021-01-07T20:31:18","modified_gmt":"2021-01-07T19:31:18","slug":"logitech-b100-maus-beidhaendig-usb-typ-a-optisch-800-dpi","status":"publish","type":"product","link":"http:\/\/test.s385-fair4host.http-s.de\/index.php\/produkt\/logitech-b100-maus-beidhaendig-usb-typ-a-optisch-800-dpi\/","title":{"rendered":"Logitech B100 Maus Beidh\u00e4ndig USB Typ-A Optisch 800 DPI"},"content":{"rendered":"<p><b>Handlicher Komfort<\/b><br \/>Sie k\u00f6nnen mit dieser Maus f\u00fcr Links- und Rechtsh\u00e4nder den ganzen Tag lang komfortabel arbeiten.<\/p>\n<p><b>Beweglich in jeder Hinsicht<\/b><br \/>Mit der fl\u00fcssigen, reaktionsschnellen optischen Abtastung haben Sie alles unter Kontrolle und der Mauszeiger bewegt sich genau dann, wenn Sie es m\u00f6chten.<\/p>\n<p><b>Betriebsbereit in k\u00fcrzester Zeit<\/b><br \/>Diese Plug&#038;Play-Maus ist einfach einzurichten. Schlie\u00dfen Sie sie einfach an den USB-Anschluss an und schon k\u00f6nnen Sie weiterarbeiten.<\/p>\n","protected":false},"excerpt":{"rendered":"<p>B100 Optish USB Maus<\/p>\n","protected":false},"featured_media":20005779,"comment_status":"open","ping_status":"closed","template":"","meta":{"spay_email":""},"_links":{"self":[{"href":"http:\/\/test.s385-fair4host.http-s.de\/index.php\/wp-json\/wp\/v2\/product\/20005778"}],"collection":[{"href":"http:\/\/test.s385-fair4host.http-s.de\/index.php\/wp-json\/wp\/v2\/product"}],"about":[{"href":"http:\/\/test.s385-fair4host.http-s.de\/index.php\/wp-json\/wp\/v2\/types\/product"}],"replies":[{"embeddable":true,"href":"http:\/\/test.s385-fair4host.http-s.de\/index.php\/wp-json\/wp\/v2\/comments?post=20005778"}],"wp:featuredmedia":[{"embeddable":true,"href":"http:\/\/test.s385-fair4host.http-s.de\/index.php\/wp-json\/wp\/v2\/media\/20005779"}],"wp:attachment":[{"href":"http:\/\/test.s385-fair4host.http-s.de\/index.php\/wp-json\/wp\/v2\/media?parent=20005778"}],"curies":[{"name":"wp","href":"https:\/\/api.w.org\/{rel}","templated":true}]}}