{"id":20005776,"date":"2021-01-07T20:31:16","date_gmt":"2021-01-07T19:31:16","guid":{"rendered":"http:\/\/test.s385-fair4host.http-s.de\/index.php\/produkt\/logitech-lgt-910-003357\/"},"modified":"2021-01-07T20:31:16","modified_gmt":"2021-01-07T19:31:16","slug":"logitech-lgt-910-003357","status":"publish","type":"product","link":"http:\/\/test.s385-fair4host.http-s.de\/index.php\/produkt\/logitech-lgt-910-003357\/","title":{"rendered":"Logitech LGT-910-003357"},"content":{"rendered":"<p><b>Handlicher Komfort<\/b><br \/>Sie k\u00f6nnen mit dieser Maus f\u00fcr Links- und Rechtsh\u00e4nder den ganzen Tag lang komfortabel arbeiten.<\/p>\n<p><b>Beweglich in jeder Hinsicht<\/b><br \/>Mit der fl\u00fcssigen, reaktionsschnellen optischen Abtastung haben Sie alles unter Kontrolle und der Mauszeiger bewegt sich genau dann, wenn Sie es m\u00f6chten.<\/p>\n<p><b>Betriebsbereit in k\u00fcrzester Zeit<\/b><br \/>Diese Plug&#038;Play-Maus ist einfach einzurichten. Schlie\u00dfen Sie sie einfach an den USB-Anschluss an und schon k\u00f6nnen Sie weiterarbeiten.<\/p>\n<p><b>Komfortables Design f\u00fcr Rechts- und Linksh\u00e4nder<\/b><br \/>Dank der angenehmen und flachen Form liegt die Maus gut in beiden H\u00e4nden \u2013 auch bei l\u00e4ngerem Einsatz.<\/p>\n<p><b>Optische Maus mit einer Aufl\u00f6sung von 800 dpi<\/b><br \/>Dank einer fl\u00fcssigen und pr\u00e4zisen Steuerung des Mauszeigers k\u00f6nnen Sie effizienter Dokumente bearbeiten und im Internet navigieren.<\/p>\n<p><b>Kein Einrichtungsaufwand<\/b><br \/>Sofort einsatzbereit: Schlie\u00dfen Sie die Maus einfach an einen USB-Anschluss an und schon k\u00f6nnen Sie loslegen.<\/p>\n<p><b>Entwickelt von Logitech\u00ae<\/b><br \/>Diese Maus vereint die gesamte Erfahrung in Qualit\u00e4t und Design aus mehr als einer Milliarde M\u00e4usen. Das sind mehr M\u00e4use, als je von einem anderen Hersteller gebaut wurden.<\/p>\n","protected":false},"excerpt":{"rendered":"<p>B100, Optical, USB, 800dpi, f\/ Business<\/p>\n","protected":false},"featured_media":20005777,"comment_status":"open","ping_status":"closed","template":"","meta":{"spay_email":""},"_links":{"self":[{"href":"http:\/\/test.s385-fair4host.http-s.de\/index.php\/wp-json\/wp\/v2\/product\/20005776"}],"collection":[{"href":"http:\/\/test.s385-fair4host.http-s.de\/index.php\/wp-json\/wp\/v2\/product"}],"about":[{"href":"http:\/\/test.s385-fair4host.http-s.de\/index.php\/wp-json\/wp\/v2\/types\/product"}],"replies":[{"embeddable":true,"href":"http:\/\/test.s385-fair4host.http-s.de\/index.php\/wp-json\/wp\/v2\/comments?post=20005776"}],"wp:featuredmedia":[{"embeddable":true,"href":"http:\/\/test.s385-fair4host.http-s.de\/index.php\/wp-json\/wp\/v2\/media\/20005777"}],"wp:attachment":[{"href":"http:\/\/test.s385-fair4host.http-s.de\/index.php\/wp-json\/wp\/v2\/media?parent=20005776"}],"curies":[{"name":"wp","href":"https:\/\/api.w.org\/{rel}","templated":true}]}}