{"id":20005774,"date":"2021-01-07T20:31:15","date_gmt":"2021-01-07T19:31:15","guid":{"rendered":"http:\/\/test.s385-fair4host.http-s.de\/index.php\/produkt\/logitech-k270-tastatur-rf-wireless-qwertz-deutsch-schwarz\/"},"modified":"2021-01-07T20:31:15","modified_gmt":"2021-01-07T19:31:15","slug":"logitech-k270-tastatur-rf-wireless-qwertz-deutsch-schwarz","status":"publish","type":"product","link":"http:\/\/test.s385-fair4host.http-s.de\/index.php\/produkt\/logitech-k270-tastatur-rf-wireless-qwertz-deutsch-schwarz\/","title":{"rendered":"Logitech K270 Tastatur RF Wireless QWERTZ Deutsch Schwarz"},"content":{"rendered":"<p>Der winzige Logitech\u00ae Unifying-Empf\u00e4nger kann \u2013 ohne besch\u00e4digt zu werden \u2013 st\u00e4ndig in Ihrem Notebook eingesteckt bleiben, selbst wenn Sie es transportieren. Und \u00fcber denselben Empf\u00e4nger k\u00f6nnen Sie weitere Ger\u00e4te hinzuf\u00fcgen.<\/p>\n<p><b>Nur ein Tastendruck<\/b><br \/>\u00dcber acht Sondertasten haben Sie sofortigen Zugriff auf Ihre Musik, Ihr E-Mail-Programm und vieles mehr.<br \/><b><br \/>Einmal aufgeladen, immer einsatzbereit<\/b><br \/>Dank der intelligenten Energieverwaltung halten die Batterien jahrelang.<\/p>\n","protected":false},"excerpt":{"rendered":"<p>2.4 GHz, USB port<\/p>\n","protected":false},"featured_media":20005775,"comment_status":"open","ping_status":"closed","template":"","meta":{"spay_email":""},"_links":{"self":[{"href":"http:\/\/test.s385-fair4host.http-s.de\/index.php\/wp-json\/wp\/v2\/product\/20005774"}],"collection":[{"href":"http:\/\/test.s385-fair4host.http-s.de\/index.php\/wp-json\/wp\/v2\/product"}],"about":[{"href":"http:\/\/test.s385-fair4host.http-s.de\/index.php\/wp-json\/wp\/v2\/types\/product"}],"replies":[{"embeddable":true,"href":"http:\/\/test.s385-fair4host.http-s.de\/index.php\/wp-json\/wp\/v2\/comments?post=20005774"}],"wp:featuredmedia":[{"embeddable":true,"href":"http:\/\/test.s385-fair4host.http-s.de\/index.php\/wp-json\/wp\/v2\/media\/20005775"}],"wp:attachment":[{"href":"http:\/\/test.s385-fair4host.http-s.de\/index.php\/wp-json\/wp\/v2\/media?parent=20005774"}],"curies":[{"name":"wp","href":"https:\/\/api.w.org\/{rel}","templated":true}]}}