{"id":20005772,"date":"2021-01-07T20:31:14","date_gmt":"2021-01-07T19:31:14","guid":{"rendered":"http:\/\/test.s385-fair4host.http-s.de\/index.php\/produkt\/logitech-m185-maus-rf-wireless-optisch\/"},"modified":"2021-01-07T20:31:14","modified_gmt":"2021-01-07T19:31:14","slug":"logitech-m185-maus-rf-wireless-optisch","status":"publish","type":"product","link":"http:\/\/test.s385-fair4host.http-s.de\/index.php\/produkt\/logitech-m185-maus-rf-wireless-optisch\/","title":{"rendered":"Logitech M185 Maus RF Wireless Optisch"},"content":{"rendered":"<p><b>Einfach zu bedienende, zuverl\u00e4ssige Maus mit kabelloser Plug&#038;Play-Technologie.<\/b><\/p>\n<p><b>Zuverl\u00e4ssig und kabellos.<\/b><br \/>Keine Verz\u00f6gerungen oder Ausf\u00e4lle. Der winzige kabellose Empf\u00e4nger garantiert Ihnen eine zuverl\u00e4ssige Verbindung.<\/p>\n<p><b>Batterieleistung f\u00fcr ein Jahr.<\/b><br \/>Die Batterielebensdauer von zw\u00f6lf Monaten erspart Ihnen h\u00e4ufiges Batteriewechseln.*<\/p>\n<p><b>Gebaut f\u00fcr ein langes Leben.<\/b><br \/>Sie erwerben die hohe Qualit\u00e4t und Zuverl\u00e4ssigkeit, f\u00fcr die Logitech bekannt ist.<\/p>\n","protected":false},"excerpt":{"rendered":"<p>Wireless Mouse M185<\/p>\n","protected":false},"featured_media":20005773,"comment_status":"open","ping_status":"closed","template":"","meta":{"spay_email":""},"_links":{"self":[{"href":"http:\/\/test.s385-fair4host.http-s.de\/index.php\/wp-json\/wp\/v2\/product\/20005772"}],"collection":[{"href":"http:\/\/test.s385-fair4host.http-s.de\/index.php\/wp-json\/wp\/v2\/product"}],"about":[{"href":"http:\/\/test.s385-fair4host.http-s.de\/index.php\/wp-json\/wp\/v2\/types\/product"}],"replies":[{"embeddable":true,"href":"http:\/\/test.s385-fair4host.http-s.de\/index.php\/wp-json\/wp\/v2\/comments?post=20005772"}],"wp:featuredmedia":[{"embeddable":true,"href":"http:\/\/test.s385-fair4host.http-s.de\/index.php\/wp-json\/wp\/v2\/media\/20005773"}],"wp:attachment":[{"href":"http:\/\/test.s385-fair4host.http-s.de\/index.php\/wp-json\/wp\/v2\/media?parent=20005772"}],"curies":[{"name":"wp","href":"https:\/\/api.w.org\/{rel}","templated":true}]}}