{"id":20005766,"date":"2021-01-07T20:31:10","date_gmt":"2021-01-07T19:31:10","guid":{"rendered":"http:\/\/test.s385-fair4host.http-s.de\/index.php\/produkt\/logitech-k360-tastatur-rf-wireless-qwertz-deutsch-schwarz\/"},"modified":"2021-01-07T20:31:10","modified_gmt":"2021-01-07T19:31:10","slug":"logitech-k360-tastatur-rf-wireless-qwertz-deutsch-schwarz","status":"publish","type":"product","link":"http:\/\/test.s385-fair4host.http-s.de\/index.php\/produkt\/logitech-k360-tastatur-rf-wireless-qwertz-deutsch-schwarz\/","title":{"rendered":"Logitech K360 Tastatur RF Wireless QWERTZ Deutsch Schwarz"},"content":{"rendered":"<p><b>KOMPAKTER KOMFORT<br \/><\/b>Der perfekte Begleiter f\u00fcr Ihr Notebook: Mit dieser kompakten Tastatur tippen Sie komfortabler und sparen Platz.<\/p>\n<p><b>ENERGIEGELADEN<br \/><\/b>Bei einer Batterielebensdauer von drei Jahren k\u00f6nnen Sie den Batteriewechsel fast ganz vergessen.1<\/p>\n<p><b>NUR EIN TASTENDRUCK<br \/><\/b>Dank der sechs Sondertasten und zw\u00f6lf programmierbaren F-Tasten haben Sie sofortigen Zugriff auf Ihre Musik, Ihr E-Mail-Programm und vieles mehr.2<\/p>\n<p><b>MEHR LEISTUNG<br \/><\/b>Sie schlie\u00dfen den winzigen Logitech Unifying-Empf\u00e4nger an Ihr Notebook an und lassen ihn eingesteckt. Sie k\u00f6nnen sogar noch weitere Ger\u00e4te hinzuf\u00fcgen. Empf\u00e4nger anschlie\u00dfen. Eingesteckt lassen. Ger\u00e4te hinzuf\u00fcgen. Weitere Informationen zum Logitech Unifying-Empf\u00e4nger<\/p>\n<p><b>KOMPAKTER KOMFORT F\u00dcR IHR NOTEBOOK<br \/><\/b>Mit dieser kompakten Tastatur mit vertrauter Tastenanordnung tippen Sie in einer komfortableren Haltung. Und sie ist um etwa 20 % kleiner als Standardtastaturen, passt also problemlos in Ihr B\u00fcro, Ihr Wohnzimmer oder jeden anderen Ort, an dem Sie Ihr Notebook verwenden.<\/p>\n<p><b>DREI JAHRE BATTERIELEBENSDAUER<br \/><\/b>Dank der l\u00e4ngeren Batterielebensdauer k\u00f6nnen Sie sich die st\u00e4ndige Suche nach neuen Batterien sparen.1<\/p>\n<p><b>SECHS SONDERTASTEN<br \/><\/b>\u00dcberspringen Sie einen Song. Halten Sie ein Video an. Drehen Sie richtig auf. \u00dcber sechs Sondertasten k\u00f6nnen Sie die Wiedergabe starten und anhalten, zum vorherigen oder n\u00e4chsten Titel springen, die Lautst\u00e4rke anpassen und die Lautsprecher stummschalten.<\/p>\n<p><b>ZW\u00d6LF PROGRAMMIERBARE F-TASTEN<br \/><\/b>Sie k\u00f6nnen die F-Tasten ganz nach Ihren W\u00fcnschen programmieren, um h\u00e4ufig verwendete Anwendungen, Ordner oder Websites zu \u00f6ffnen.2<\/p>\n<p><b>KABELLOSE ADVANCED 2,4-GHZ-TECHNOLOGIE<br \/><\/b>Jetzt k\u00f6nnen Sie \u00fcberall arbeiten und spielen \u2013 z. B. bequem auf dem Sofa. Dank der kabellosen Verbindung mit gro\u00dfer Reichweite gibt es nahezu keine Verz\u00f6gerungen, Ausf\u00e4lle oder St\u00f6rungen.<\/p>\n<p><b>LOGITECH UNIFYING-EMPF\u00c4NGER<br \/><\/b>Der winzige Empf\u00e4nger kann \u2013 ohne besch\u00e4digt zu werden \u2013 st\u00e4ndig in Ihrem Notebook eingesteckt bleiben. Und \u00fcber denselben Empf\u00e4nger k\u00f6nnen Sie ganz einfach eine kompatible kabellose Maus, Tastatur oder einen Nummernblock anschlie\u00dfen.<\/p>\n<p><b>PLUG&#038;PLAY-KOMFORT<br \/><\/b>Die Einrichtung ist eine Frage von Sekunden: Schlie\u00dfen Sie einfach den kabellosen Empf\u00e4nger an einen USB-Anschluss Ihres Computers an, ziehen Sie den Schutzstreifen der Batterien heraus und schon ist Ihre Tastatur einsatzbereit \u2013 ganz ohne Software.<\/p>\n<p><b>FL\u00dcSTERLEISE, KOMPAKT ANGEORDNETE TASTEN<br \/><\/b>Diese kompakte Tastatur sieht schick aus, ist beim Tippen fast ger\u00e4uschlos und bietet ein komfortableres Tipperlebnis als Notebook- oder Netbook-Tastaturen.<\/p>\n<p><b>EINSTELLBARER NEIGUNGSWINKEL \u00dcBER STABILE F\u00dcSSE<br \/><\/b>Sie k\u00f6nnen die stabilen F\u00fc\u00dfe ausklappen und die Neigung der Tastatur um acht Grad erh\u00f6hen, um sie Ihrer pers\u00f6nlichen Arbeitsweise anzupassen. Die rutschfesten Gummif\u00fc\u00dfe bieten sicheren Halt.<\/p>\n","protected":false},"excerpt":{"rendered":"<p>Tastatur Wireless K360 Schwarz DE<\/p>\n","protected":false},"featured_media":20005767,"comment_status":"open","ping_status":"closed","template":"","meta":{"spay_email":""},"_links":{"self":[{"href":"http:\/\/test.s385-fair4host.http-s.de\/index.php\/wp-json\/wp\/v2\/product\/20005766"}],"collection":[{"href":"http:\/\/test.s385-fair4host.http-s.de\/index.php\/wp-json\/wp\/v2\/product"}],"about":[{"href":"http:\/\/test.s385-fair4host.http-s.de\/index.php\/wp-json\/wp\/v2\/types\/product"}],"replies":[{"embeddable":true,"href":"http:\/\/test.s385-fair4host.http-s.de\/index.php\/wp-json\/wp\/v2\/comments?post=20005766"}],"wp:featuredmedia":[{"embeddable":true,"href":"http:\/\/test.s385-fair4host.http-s.de\/index.php\/wp-json\/wp\/v2\/media\/20005767"}],"wp:attachment":[{"href":"http:\/\/test.s385-fair4host.http-s.de\/index.php\/wp-json\/wp\/v2\/media?parent=20005766"}],"curies":[{"name":"wp","href":"https:\/\/api.w.org\/{rel}","templated":true}]}}