{"id":20005764,"date":"2021-01-07T20:31:09","date_gmt":"2021-01-07T19:31:09","guid":{"rendered":"http:\/\/test.s385-fair4host.http-s.de\/index.php\/produkt\/logitech-m325-maus-beidhaendig-rf-wireless-optisch-1000-dpi\/"},"modified":"2021-01-07T20:31:09","modified_gmt":"2021-01-07T19:31:09","slug":"logitech-m325-maus-beidhaendig-rf-wireless-optisch-1000-dpi","status":"publish","type":"product","link":"http:\/\/test.s385-fair4host.http-s.de\/index.php\/produkt\/logitech-m325-maus-beidhaendig-rf-wireless-optisch-1000-dpi\/","title":{"rendered":"Logitech M325 Maus Beidh\u00e4ndig RF Wireless Optisch 1000 DPI"},"content":{"rendered":"<p><b>Ein Rad f\u00fcrs Internet<\/b><br \/>Verabschieden Sie sich vom Touchpad. Dank ultrapr\u00e4ziser Bildl\u00e4ufe ist das Surfen im Internet jetzt noch einfacher.<\/p>\n<p><b>Komfort pur<\/b><br \/>G\u00f6nnen Sie Ihrer Hand die komfortable, geschwungene Form und die weich gummierten Grifffl\u00e4chen des am meisten gekauften Designs der Welt.*<\/p>\n<p><b>18 Monate Surfspa\u00df<\/b><br \/>Mit der Batterielebensdauer von bis zu 18 Monaten k\u00f6nnen Sie den Batteriewechsel fast ganz vergessen.<\/p>\n<p><b>Mehr Leistung<\/b><br \/>Sie schlie\u00dfen den winzigen Logitech Unifying-Empf\u00e4nger an Ihr Notebook an und lassen ihn eingesteckt. Sie k\u00f6nnen sogar noch weitere Ger\u00e4te hinzuf\u00fcgen. Empf\u00e4nger anschlie\u00dfen. Eingesteckt lassen. Ger\u00e4te hinzuf\u00fcgen. Weitere Informationen zum Logitech Unifying-Empf\u00e4nger<\/p>\n<p><b>Hochpr\u00e4zise Bildl\u00e4ufe<\/b><br \/>Das neue mikropr\u00e4zise Scrollrad der M325 wurde speziell f\u00fcr das Surfen im Internet designt. Es macht das Lesen der Beitr\u00e4ge auf Facebook\u00ae, Shopping oder das Scrollen durch Google\u00ae-Suchergebnisse noch einfacher. Und durch das Kippen des Scrollrads navigieren Sie mit Leichtigkeit vor- und r\u00fcckw\u00e4rts durchs Internet.<\/p>\n<p><b>Komfortabel geschwungenes Design<\/b><br \/>Die geschwungene Form mit den strukturierten gummierten Grifffl\u00e4chen basiert auf dem meistverkauften Maus-Design der Welt und sorgt daf\u00fcr, dass sich Ihre Hand auch nach vielen Stunden noch wohlf\u00fchlt.<\/p>\n<p><b>Batterielebensdauer von bis zu 18 Monaten<\/b><br \/>Dank der langen Batterielebensdauer m\u00fcssen die Batterien praktisch nicht ausgewechselt werden. Der intelligente Energiesparmodus schont die Batterien und die Batteriestandsanzeige verhindert unliebsame \u00dcberraschungen.<\/p>\n<p><b>Einfache Verbindung<\/b><br \/>Logitech\u00ae Unifying-Empf\u00e4nger: Der winzige kabellose Empf\u00e4nger bleibt in Ihrem Notebook eingesteckt und Sie k\u00f6nnen alle Ger\u00e4te hinzuf\u00fcgen, die Sie ben\u00f6tigen. Empf\u00e4nger anschlie\u00dfen. Eingesteckt lassen. Ger\u00e4te hinzuf\u00fcgen. <\/p>\n<p><b>Kabellose Logitech Advanced 2,4-GHz-Technologie<\/b><br \/>Sie profitieren von kabelloser Bewegungsfreiheit und einer zuverl\u00e4ssigen schnellen Daten\u00fcbertragung nahezu ohne Verz\u00f6gerungen oder Ausf\u00e4lle.<\/p>\n<p><b>Logitech Advanced Optical Tracking<\/b><br \/>Ob Sie nun im Internet surfen oder auf Facebook mit pr\u00e4zisem Klicken, Zeigen und Ziehen navigieren m\u00f6chten \u2013 dank unserer Advanced Optical Tracking-Technologie ist alles, was Sie auf Ihrem Notebook tun, einfacher. Und ein Mauspad brauchen Sie auch nicht. <\/p>\n<p><b>Zuverl\u00e4ssigkeit von Logitech<\/b><br \/>Sie erwerben die hohe Qualit\u00e4t und Zuverl\u00e4ssigkeit, die Logitech zum f\u00fchrenden Maushersteller gemacht haben, zu einem g\u00fcnstigen Preis und mit einer eingeschr\u00e4nkten Hardwaregarantie von drei Jahren.<\/p>\n<p><b>Ideal f\u00fcr Notebooks<\/b><br \/>Ihre Maus funktioniert mit Windows\u00ae, Mac, Chrome und Linux\u00ae. Egal, welchen Computer Sie besitzen oder sich demn\u00e4chst zulegen werden \u2013 Sie k\u00f6nnen sich voll und ganz auf Ihre Maus verlassen.<\/p>\n","protected":false},"excerpt":{"rendered":"<p>1x AA, 2.4GHz<\/p>\n","protected":false},"featured_media":20005765,"comment_status":"open","ping_status":"closed","template":"","meta":{"spay_email":""},"_links":{"self":[{"href":"http:\/\/test.s385-fair4host.http-s.de\/index.php\/wp-json\/wp\/v2\/product\/20005764"}],"collection":[{"href":"http:\/\/test.s385-fair4host.http-s.de\/index.php\/wp-json\/wp\/v2\/product"}],"about":[{"href":"http:\/\/test.s385-fair4host.http-s.de\/index.php\/wp-json\/wp\/v2\/types\/product"}],"replies":[{"embeddable":true,"href":"http:\/\/test.s385-fair4host.http-s.de\/index.php\/wp-json\/wp\/v2\/comments?post=20005764"}],"wp:featuredmedia":[{"embeddable":true,"href":"http:\/\/test.s385-fair4host.http-s.de\/index.php\/wp-json\/wp\/v2\/media\/20005765"}],"wp:attachment":[{"href":"http:\/\/test.s385-fair4host.http-s.de\/index.php\/wp-json\/wp\/v2\/media?parent=20005764"}],"curies":[{"name":"wp","href":"https:\/\/api.w.org\/{rel}","templated":true}]}}