{"id":20005762,"date":"2021-01-07T20:31:07","date_gmt":"2021-01-07T19:31:07","guid":{"rendered":"http:\/\/test.s385-fair4host.http-s.de\/index.php\/produkt\/logitech-lgt-m325b\/"},"modified":"2021-01-07T20:31:07","modified_gmt":"2021-01-07T19:31:07","slug":"logitech-lgt-m325b","status":"publish","type":"product","link":"http:\/\/test.s385-fair4host.http-s.de\/index.php\/produkt\/logitech-lgt-m325b\/","title":{"rendered":"Logitech LGT-M325B"},"content":{"rendered":"<p><b>Ein Rad f\u00fcrs Internet<\/b><br \/>Verabschieden Sie sich vom Touchpad. Dank hochpr\u00e4ziser Bildl\u00e4ufe ist das Surfen im Internet jetzt noch einfacher.<\/p>\n<p><b>Komfort pur<\/b><br \/>G\u00f6nnen Sie Ihrer Hand die komfortable, geschwungene Form und die weich gummierten Grifffl\u00e4chen des am meisten gekauften Designs der Welt.<\/p>\n<p><b>18 Monate Surfspa\u00df<\/b><br \/>Mit der Batterielebensdauer von bis zu 18 Monaten k\u00f6nnen Sie den Batteriewechsel fast ganz vergessen.<\/p>\n<p><b>Hochpr\u00e4zise Bildl\u00e4ufe<\/b><br \/>Unsere neuesten hochpr\u00e4zisen Bildl\u00e4ufe wurden speziell f\u00fcr das Surfen im Internet designt, sodass das Lesen der Beitr\u00e4ge auf Facebook\u00ae, das Einkaufen bei Amazon\u00ae oder das Scrollen durch Google\u00ae-Suchergebnisse noch einfacher wird. Und mit dem Scrollrad navigieren Sie mit Leichtigkeit vor- und r\u00fcckw\u00e4rts durchs Internet.<\/p>\n<p><b>Komfortables, geschwungenes Design<\/b><br \/>Die geschwungene Form der Maus mit den strukturierten gummierten Grifffl\u00e4chen basiert auf dem meistverkauften Design der Welt und sorgt daf\u00fcr, dass sich Ihre Hand auch nach vielen Stunden noch wohlf\u00fchlt.<\/p>\n<p><b>Batterielebensdauer von bis zu 18 Monaten<\/b><br \/>Dank der langen Batterielebensdauer m\u00fcssen die Batterien praktisch nicht ausgewechselt werden. Der intelligente Energiesparmodus schont die Batterien und die Batteriestandsanzeige verhindert unliebsame \u00dcberraschungen.<\/p>\n<p><b>Logitech Unifying-Nano-Empf\u00e4nger<\/b><br \/>Der Empf\u00e4nger ist so winzig, dass er in Ihrem Notebook eingesteckt bleiben kann. Und ein kompatibles kabelloses Ger\u00e4t kann ganz einfach hinzugef\u00fcgt werden \u2013 mit einem einzigen USB-Empf\u00e4nger.<\/p>\n<p><b>Kabellose Logitech Advanced 2,4-Ghz-Technologie<\/b><br \/> Profitieren Sie von kabelloser Bewegungsfreiheit und h\u00f6chster Zuverl\u00e4ssigkeit: schnelle Daten\u00fcbertragung und nahezu keine Verz\u00f6gerungen oder Ausf\u00e4lle.<\/p>\n<p><b>Logitech Advanced Optical Tracking<\/b><br \/>Ob Sie nun im Internet surfen oder auf Facebook mit pr\u00e4zisem Klicken, Zeigen und Ziehen navigieren m\u00f6chten \u2013 dank unserer Advanced Optical Tracking-Technologie ist alles, was Sie auf Ihrem Notebook tun, einfacher. Und ein Mauspad brauchen Sie auch nicht.<\/p>\n<p><b>Zuverl\u00e4ssigkeit von Logitech<\/b><br \/>Sie erwerben die hohe Qualit\u00e4t und Zuverl\u00e4ssigkeit, die Logitech zum f\u00fchrenden Maushersteller gemacht haben, zu einem g\u00fcnstigen Preis und mit einer eingeschr\u00e4nkten Hardwaregarantie von drei Jahren.<\/p>\n<p><b>Ideal f\u00fcr Notebooks und Netbooks<\/b><br \/>Ihre Maus funktioniert mit Windows\u00ae, Mac\u00ae und Linux\u00ae. Egal, welchen Computer Sie besitzen oder sich demn\u00e4chst zulegen werden \u2013 Sie k\u00f6nnen sich voll und ganz auf Ihre Maus verlassen.<\/p>\n","protected":false},"excerpt":{"rendered":"<p>1x AA, 2.4GHz<\/p>\n","protected":false},"featured_media":20005763,"comment_status":"open","ping_status":"closed","template":"","meta":{"spay_email":""},"_links":{"self":[{"href":"http:\/\/test.s385-fair4host.http-s.de\/index.php\/wp-json\/wp\/v2\/product\/20005762"}],"collection":[{"href":"http:\/\/test.s385-fair4host.http-s.de\/index.php\/wp-json\/wp\/v2\/product"}],"about":[{"href":"http:\/\/test.s385-fair4host.http-s.de\/index.php\/wp-json\/wp\/v2\/types\/product"}],"replies":[{"embeddable":true,"href":"http:\/\/test.s385-fair4host.http-s.de\/index.php\/wp-json\/wp\/v2\/comments?post=20005762"}],"wp:featuredmedia":[{"embeddable":true,"href":"http:\/\/test.s385-fair4host.http-s.de\/index.php\/wp-json\/wp\/v2\/media\/20005763"}],"wp:attachment":[{"href":"http:\/\/test.s385-fair4host.http-s.de\/index.php\/wp-json\/wp\/v2\/media?parent=20005762"}],"curies":[{"name":"wp","href":"https:\/\/api.w.org\/{rel}","templated":true}]}}