{"id":20005760,"date":"2021-01-07T20:31:06","date_gmt":"2021-01-07T19:31:06","guid":{"rendered":"http:\/\/test.s385-fair4host.http-s.de\/index.php\/produkt\/logitech-z906-500-w-schwarz-5-1-kanaele\/"},"modified":"2021-01-07T20:31:06","modified_gmt":"2021-01-07T19:31:06","slug":"logitech-z906-500-w-schwarz-5-1-kanaele","status":"publish","type":"product","link":"http:\/\/test.s385-fair4host.http-s.de\/index.php\/produkt\/logitech-z906-500-w-schwarz-5-1-kanaele\/","title":{"rendered":"Logitech Z906 500 W Schwarz 5.1 Kan\u00e4le"},"content":{"rendered":"<p><b>THX-, DOLBY DIGITAL- UND DTS DIGITAL-ZERTIFIZIERTER SOUND<\/b><br \/>Holen Sie mit diesem 5.1-Lautsprechersystem Sound in Kinoqualit\u00e4t nach Hause. 1000 Watt Spitzenleistung\/500 Watt RMS bieten einen starken, THX-zertifizierten Surround-Sound f\u00fcr eine erstklassige Audioerfahrung. Au\u00dferdem sorgt die Dekodierung von Dolby Digital- und DTS-kodierten Tonspuren f\u00fcr eine erstklassige Film- und Musikwiedergabe.<\/p>\n<p><b>BEEINDRUCKENDER SURROUND-SOUND<\/b><br \/>Garantiert den authentischsten Surround-Sound \u201eout of the Box\u201c. Das 5.1-Lautsprechersystem ist auf die h\u00f6chsten Standards zur THX-Zertifizierung ausgerichtet. Au\u00dferdem sorgt die Dekodierung von Dolby Digital- und DTS-kodierten Tonspuren f\u00fcr eine erstklassige Audiowiedergabe.<\/p>\n<p><b>1.000 WATT KRAFTVOLLER KLANG<\/b><br \/>1.000 Watt Spitzenleistung\/500 Watt RMS f\u00fcr einen nuancenreichen Klang und Tiefen wie Donnergrollen. Genie\u00dfen Sie ein Klangerlebnis mit feinsten Details, von Begeisterungsschreien des Publikums bis hin zu Schritten hinter Ihnen. Einen Klang, den Sie wahrhaft h\u00f6ren und f\u00fchlen k\u00f6nnen.<\/p>\n<p><b>VIELSEITIGES SETUP<\/b><br \/>Unterst\u00fctzt mehrere Eing\u00e4nge gleichzeitig. Schlie\u00dfen Sie \u00fcber 3,5-mm-, Cinch-, 6-Kanal-Direkt- und Digitaleing\u00e4nge (optisch oder koaxial) bis zu sechs kompatible Ger\u00e4te an. W\u00e4hlen Sie den Audioeingang \u00fcber die Bedienkonsole oder die Fernbedienung aus.<\/p>\n<p><b>INTEGRIERTE BEDIENELEMENTE<\/b><br \/>Stellen Sie die Lautst\u00e4rke der einzelnen Satellitenlautsprecher und des Subwoofers separat ein und greifen Sie auf die Ein-\/Aus- und Stummschalter zu \u2013 alles \u00fcber die Bedienkonsole oder Fernbedienung.<\/p>\n<p>W\u00e4hlen Sie zwischen 2.1-, 4.1- und 3D-Surround-Sound f\u00fcr Ihren individuellen H\u00f6rgenuss.<\/p>\n","protected":false},"excerpt":{"rendered":"<p>Z906 Surround speaker system &#8211; 5.1, RMS 500W, Stackable, Schwarz<\/p>\n","protected":false},"featured_media":20005761,"comment_status":"open","ping_status":"closed","template":"","meta":{"spay_email":""},"_links":{"self":[{"href":"http:\/\/test.s385-fair4host.http-s.de\/index.php\/wp-json\/wp\/v2\/product\/20005760"}],"collection":[{"href":"http:\/\/test.s385-fair4host.http-s.de\/index.php\/wp-json\/wp\/v2\/product"}],"about":[{"href":"http:\/\/test.s385-fair4host.http-s.de\/index.php\/wp-json\/wp\/v2\/types\/product"}],"replies":[{"embeddable":true,"href":"http:\/\/test.s385-fair4host.http-s.de\/index.php\/wp-json\/wp\/v2\/comments?post=20005760"}],"wp:featuredmedia":[{"embeddable":true,"href":"http:\/\/test.s385-fair4host.http-s.de\/index.php\/wp-json\/wp\/v2\/media\/20005761"}],"wp:attachment":[{"href":"http:\/\/test.s385-fair4host.http-s.de\/index.php\/wp-json\/wp\/v2\/media?parent=20005760"}],"curies":[{"name":"wp","href":"https:\/\/api.w.org\/{rel}","templated":true}]}}