{"id":20005756,"date":"2021-01-07T20:30:54","date_gmt":"2021-01-07T19:30:54","guid":{"rendered":"http:\/\/test.s385-fair4host.http-s.de\/index.php\/produkt\/logitech-m510-maus-rf-wireless-laser\/"},"modified":"2021-01-07T20:30:54","modified_gmt":"2021-01-07T19:30:54","slug":"logitech-m510-maus-rf-wireless-laser","status":"publish","type":"product","link":"http:\/\/test.s385-fair4host.http-s.de\/index.php\/produkt\/logitech-m510-maus-rf-wireless-laser\/","title":{"rendered":"Logitech M510 Maus RF Wireless Laser"},"content":{"rendered":"<p>Dank der handgerechten Form, den weichen Gummioberfl\u00e4chen und den praktischen Bedienelementen erm\u00f6glicht Ihnen diese kabellose Maus in Standardgr\u00f6\u00dfe den Komfort und die Bedienbarkeit, mit der Sie mehr einfacher erledigen k\u00f6nnen.<\/p>\n<p><b>Geschwungene Form<\/b><br \/>\n<br \/>Liegt gut in jeder Hand. Weiche Seitenfl\u00e4chen und eine komfortable Form, die sich auch bei l\u00e4ngerem Einsatz gut anf\u00fchlt.<\/p>\n<p><b>Vor- und Zur\u00fcck-Tasten<\/b><br \/>\n<br \/>Navigieren Sie rasch durch Dokumente und \u00fcberfliegen Ihre bevorzugten Websites im Nu, mit den praktischen Daumentasten f\u00fcr Rechtsh\u00e4nder.<\/p>\n<p><b>Horizontaler Bildlauf und Zoom<\/b><br \/>\n<br \/>Die Macht liegt in Ihrer Hand. Sie k\u00f6nnen mit nur einer kurzen Fingerbewegung in Dokumenten einen horizontalen Bildlauf ausf\u00fchren oder Fotos und Tabellenkalkulationen vergr\u00f6\u00dfern.<\/p>\n<p><b>Programmierbare Bedienelemente<\/b><br \/>\n<br \/>Sie k\u00f6nnen die Bedienelemente programmieren, um schneller zwischen Anwendungen zu wechseln, Browserfenster zu \u00f6ffnen oder den Vollbildschirm f\u00fcr Videos zu aktivieren.<\/p>\n<p><b>Zwei Jahre Batterielebensdauer<\/b><br \/>\n<br \/>Sie k\u00f6nnen den Batteriewechsel praktisch vergessen. Der Ein-\/Ausschalter und der intelligente Energiesparmodus verl\u00e4ngern die Lebensdauer der Batterien und die Batteriestandsanzeige verhindert unliebsame \u00dcberraschungen.<\/p>\n<p><b>Logitech\u00ae Unifying-Empf\u00e4nger<\/b><br \/>\n<br \/>Der Empf\u00e4nger ist so winzig, dass er in Ihrem Notebook eingesteckt bleiben kann. Und eine kompatible Maus oder ein kompatibler Nummernblock k\u00f6nnen ganz einfach hinzugef\u00fcgt werden \u2013 mit einem einzigen USB-Empf\u00e4nger.<\/p>\n<p><b>Laserabtastung<\/b><br \/>\n<br \/>Die Laserpr\u00e4zision sorgt f\u00fcr fl\u00fcssige Abtastung auf nahezu allen Oberfl\u00e4chen.<\/p>\n","protected":false},"excerpt":{"rendered":"<p>M510, Laser, AA, USB, Schwarz<\/p>\n","protected":false},"featured_media":20005757,"comment_status":"open","ping_status":"closed","template":"","meta":{"spay_email":""},"_links":{"self":[{"href":"http:\/\/test.s385-fair4host.http-s.de\/index.php\/wp-json\/wp\/v2\/product\/20005756"}],"collection":[{"href":"http:\/\/test.s385-fair4host.http-s.de\/index.php\/wp-json\/wp\/v2\/product"}],"about":[{"href":"http:\/\/test.s385-fair4host.http-s.de\/index.php\/wp-json\/wp\/v2\/types\/product"}],"replies":[{"embeddable":true,"href":"http:\/\/test.s385-fair4host.http-s.de\/index.php\/wp-json\/wp\/v2\/comments?post=20005756"}],"wp:featuredmedia":[{"embeddable":true,"href":"http:\/\/test.s385-fair4host.http-s.de\/index.php\/wp-json\/wp\/v2\/media\/20005757"}],"wp:attachment":[{"href":"http:\/\/test.s385-fair4host.http-s.de\/index.php\/wp-json\/wp\/v2\/media?parent=20005756"}],"curies":[{"name":"wp","href":"https:\/\/api.w.org\/{rel}","templated":true}]}}