{"id":20005750,"date":"2021-01-07T20:30:50","date_gmt":"2021-01-07T19:30:50","guid":{"rendered":"http:\/\/test.s385-fair4host.http-s.de\/index.php\/produkt\/logitech-mk710-tastatur-rf-wireless-qwertz-deutsch-schwarz\/"},"modified":"2021-01-07T20:30:50","modified_gmt":"2021-01-07T19:30:50","slug":"logitech-mk710-tastatur-rf-wireless-qwertz-deutsch-schwarz","status":"publish","type":"product","link":"http:\/\/test.s385-fair4host.http-s.de\/index.php\/produkt\/logitech-mk710-tastatur-rf-wireless-qwertz-deutsch-schwarz\/","title":{"rendered":"Logitech MK710 Tastatur RF Wireless QWERTZ Deutsch Schwarz"},"content":{"rendered":"<p><b>Energiegeladen<\/b><br \/>Bei einer Lebensdauer der Tastaturbatterien von drei Jahren k\u00f6nnen Sie auf den Batteriewechsel fast v\u00f6llig verzichten.*<\/p>\n<p>* Die Berechnung der Batterielebensdauer f\u00fcr die Tastatur basiert auf einer gesch\u00e4tzten Anzahl von zwei Millionen Anschl\u00e4gen pro Jahr in einer B\u00fcroumgebung. Individuelle Abweichungen sind m\u00f6glich. Die Lebensdauer der Mausbatterien ist von Nutzungs- und Umgebungsbedingungen abh\u00e4ngig.<\/p>\n<p><b>Komfort nach Ma\u00df<\/b><br \/>Mit Logitech\u00ae Incurve keys\u2122 und der gepolsterten Handballenauflage f\u00fchlt sich diese flache Tastatur fast so an, als sei sie eigens f\u00fcr Sie angefertigt worden.<\/p>\n<p><b>Ein kleines Wunder<\/b><br \/>Logitech\u00ae Unifying-Empf\u00e4nger: Der winzige kabellose Empf\u00e4nger bleibt in Ihrem Notebook eingesteckt und Sie k\u00f6nnen alle Ger\u00e4te hinzuf\u00fcgen, die Sie ben\u00f6tigen.<\/p>\n<p><b>Drei Jahre Batterielebensdauer<\/b><br \/>Die Batterien sowohl in der Tastatur als auch in der Maus halten bis zu drei Jahre. Sie k\u00f6nnen sich also den Aufwand, die Kosten und die Verschwendung sparen, die mit h\u00e4ufigem Batteriewechseln verbunden sind.*<\/p>\n<p><b>Logitech Incurve keys<\/b><br \/>Konkave Tasten mit leicht abgerundeten Kanten sorgen f\u00fcr die richtige Fingerhaltung und machen stundenlanges Arbeiten zum spielerischen Tippvergn\u00fcgen.<\/p>\n<p><b>Flache Tasten, gr\u00f6\u00dferer Tastenhub<\/b><br \/>Dieser bei flachen Tastaturen und Notebooktastaturen so seltene gr\u00f6\u00dfere Tastenhub sorgt f\u00fcr besseren Komfort und rundherum angenehmes Tipperlebnis.<\/p>\n<p><b>Gepolsterte Handballenauflage<\/b><br \/>Entspannen Sie Ihre H\u00e4nde \u2013 die gepolsterte Handballenauflage f\u00fchlt sich tausendmal bequemer an als Hartplastik.<\/p>\n","protected":false},"excerpt":{"rendered":"<p>MK710, USB, 2.4 GHz, 10m<\/p>\n","protected":false},"featured_media":20005751,"comment_status":"open","ping_status":"closed","template":"","meta":{"spay_email":""},"_links":{"self":[{"href":"http:\/\/test.s385-fair4host.http-s.de\/index.php\/wp-json\/wp\/v2\/product\/20005750"}],"collection":[{"href":"http:\/\/test.s385-fair4host.http-s.de\/index.php\/wp-json\/wp\/v2\/product"}],"about":[{"href":"http:\/\/test.s385-fair4host.http-s.de\/index.php\/wp-json\/wp\/v2\/types\/product"}],"replies":[{"embeddable":true,"href":"http:\/\/test.s385-fair4host.http-s.de\/index.php\/wp-json\/wp\/v2\/comments?post=20005750"}],"wp:featuredmedia":[{"embeddable":true,"href":"http:\/\/test.s385-fair4host.http-s.de\/index.php\/wp-json\/wp\/v2\/media\/20005751"}],"wp:attachment":[{"href":"http:\/\/test.s385-fair4host.http-s.de\/index.php\/wp-json\/wp\/v2\/media?parent=20005750"}],"curies":[{"name":"wp","href":"https:\/\/api.w.org\/{rel}","templated":true}]}}