{"id":20005748,"date":"2021-01-07T20:30:49","date_gmt":"2021-01-07T19:30:49","guid":{"rendered":"http:\/\/test.s385-fair4host.http-s.de\/index.php\/produkt\/logitech-lgt-mtm\/"},"modified":"2021-01-07T20:30:49","modified_gmt":"2021-01-07T19:30:49","slug":"logitech-lgt-mtm","status":"publish","type":"product","link":"http:\/\/test.s385-fair4host.http-s.de\/index.php\/produkt\/logitech-lgt-mtm\/","title":{"rendered":"Logitech LGT-MTM"},"content":{"rendered":"<p><b>F\u00fcr Links- und Rechtsh\u00e4nder geeigneter Trackball<\/b><br \/>Der lange, breite Handfl\u00e4chenbereich und die sanften Rundungen des Trackballs sorgen f\u00fcr mehr Komfort und Unterst\u00fctzung f\u00fcr Ihre H\u00e4nde, egal ob Sie mit Ihrer rechten oder linken Hand arbeiten.<\/p>\n<p><b>Stabiler Sockel<\/b><br \/>Dank des stabilen Designs ruht die Hand langfristig in einer komfortablen Haltung. Und Platz sparen Sie damit auch.<\/p>\n<p><b>Praktische Bedienelemente<\/b><br \/>Beim Surfen im Internet k\u00f6nnen Sie mit den Tasten zwischen besuchten Seiten umschalten.<\/p>\n<p><b>Fingerspitzensteuerung<\/b><br \/>Mit nur einer Fingerbewegung k\u00f6nnen Sie den Mauszeiger schnell und exakt steuern.<\/p>\n","protected":false},"excerpt":{"rendered":"<p>Trackman Marble, USB, Windows 7\/8, Mac OS X<\/p>\n","protected":false},"featured_media":20005749,"comment_status":"open","ping_status":"closed","template":"","meta":{"spay_email":""},"_links":{"self":[{"href":"http:\/\/test.s385-fair4host.http-s.de\/index.php\/wp-json\/wp\/v2\/product\/20005748"}],"collection":[{"href":"http:\/\/test.s385-fair4host.http-s.de\/index.php\/wp-json\/wp\/v2\/product"}],"about":[{"href":"http:\/\/test.s385-fair4host.http-s.de\/index.php\/wp-json\/wp\/v2\/types\/product"}],"replies":[{"embeddable":true,"href":"http:\/\/test.s385-fair4host.http-s.de\/index.php\/wp-json\/wp\/v2\/comments?post=20005748"}],"wp:featuredmedia":[{"embeddable":true,"href":"http:\/\/test.s385-fair4host.http-s.de\/index.php\/wp-json\/wp\/v2\/media\/20005749"}],"wp:attachment":[{"href":"http:\/\/test.s385-fair4host.http-s.de\/index.php\/wp-json\/wp\/v2\/media?parent=20005748"}],"curies":[{"name":"wp","href":"https:\/\/api.w.org\/{rel}","templated":true}]}}