{"id":20005746,"date":"2021-01-07T20:30:48","date_gmt":"2021-01-07T19:30:48","guid":{"rendered":"http:\/\/test.s385-fair4host.http-s.de\/index.php\/produkt\/logitech-lgt-s120\/"},"modified":"2021-01-07T20:30:48","modified_gmt":"2021-01-07T19:30:48","slug":"logitech-lgt-s120","status":"publish","type":"product","link":"http:\/\/test.s385-fair4host.http-s.de\/index.php\/produkt\/logitech-lgt-s120\/","title":{"rendered":"Logitech LGT-S120"},"content":{"rendered":"<p><b>Klarer Stereoklang in kompaktem Design<\/b><br \/>Das schlanke Lautsprecherdesign ist mit einem leicht zug\u00e4nglichen 3,5-mm-Eingang und Bedienelementen auf dem rechten Lautsprecher ausgestattet.<\/p>\n<p><b>Schlankes Design<\/b><br \/>Das schlanke, leichte Design macht die Lautsprecher sehr transportabel.<\/p>\n<p><b>Einfache Einrichtung<\/b><br \/>Verbinden Sie Ihr Ger\u00e4t mit dem 3,5-mm-Eingang und genie\u00dfen Sie klaren Stereoklang.<\/p>\n<p><b>Komfortable Bedienung<\/b><br \/>Ein-\/Ausschalter, Lautst\u00e4rkeregler und die Kopfh\u00f6rerbuchse sind leicht zug\u00e4nglich am rechten Lautsprecher.<\/p>\n","protected":false},"excerpt":{"rendered":"<p>2.0, 2.3W, EU Stecker<\/p>\n","protected":false},"featured_media":20005747,"comment_status":"open","ping_status":"closed","template":"","meta":{"spay_email":""},"_links":{"self":[{"href":"http:\/\/test.s385-fair4host.http-s.de\/index.php\/wp-json\/wp\/v2\/product\/20005746"}],"collection":[{"href":"http:\/\/test.s385-fair4host.http-s.de\/index.php\/wp-json\/wp\/v2\/product"}],"about":[{"href":"http:\/\/test.s385-fair4host.http-s.de\/index.php\/wp-json\/wp\/v2\/types\/product"}],"replies":[{"embeddable":true,"href":"http:\/\/test.s385-fair4host.http-s.de\/index.php\/wp-json\/wp\/v2\/comments?post=20005746"}],"wp:featuredmedia":[{"embeddable":true,"href":"http:\/\/test.s385-fair4host.http-s.de\/index.php\/wp-json\/wp\/v2\/media\/20005747"}],"wp:attachment":[{"href":"http:\/\/test.s385-fair4host.http-s.de\/index.php\/wp-json\/wp\/v2\/media?parent=20005746"}],"curies":[{"name":"wp","href":"https:\/\/api.w.org\/{rel}","templated":true}]}}