{"id":110,"date":"2019-01-12T11:08:41","date_gmt":"2019-01-12T10:08:41","guid":{"rendered":"http:\/\/test.s385-fair4host.http-s.de\/?page_id=110"},"modified":"2020-11-13T21:17:27","modified_gmt":"2020-11-13T20:17:27","slug":"computerreparatur","status":"publish","type":"page","link":"http:\/\/test.s385-fair4host.http-s.de\/index.php\/computerreparatur\/","title":{"rendered":"Computerreparatur"},"content":{"rendered":"\t\t<div data-elementor-type=\"wp-page\" data-elementor-id=\"110\" class=\"elementor elementor-110\" data-elementor-settings=\"[]\">\n\t\t\t\t\t\t<div class=\"elementor-inner\">\n\t\t\t\t\t\t\t<div class=\"elementor-section-wrap\">\n\t\t\t\t\t\t\t<section class=\"elementor-section elementor-top-section elementor-element elementor-element-6240a235 elementor-section-boxed elementor-section-height-default elementor-section-height-default\" data-id=\"6240a235\" data-element_type=\"section\">\n\t\t\t\t\t\t<div class=\"elementor-container elementor-column-gap-default\">\n\t\t\t\t\t\t\t<div class=\"elementor-row\">\n\t\t\t\t\t<div class=\"elementor-column elementor-col-100 elementor-top-column elementor-element elementor-element-124fa79f\" data-id=\"124fa79f\" data-element_type=\"column\">\n\t\t\t<div class=\"elementor-column-wrap elementor-element-populated\">\n\t\t\t\t\t\t\t<div class=\"elementor-widget-wrap\">\n\t\t\t\t\t\t<div class=\"elementor-element elementor-element-2261409b elementor-widget elementor-widget-text-editor\" data-id=\"2261409b\" data-element_type=\"widget\" data-widget_type=\"text-editor.default\">\n\t\t\t\t<div class=\"elementor-widget-container\">\n\t\t\t\t\t<div class=\"elementor-text-editor elementor-clearfix\"><!-- wp:paragraph -->\n<p><em><strong>PC-Probleme? Wir haben die L\u00f6sung!<\/strong><\/em><\/p>\n<!-- \/wp:paragraph --><!-- wp:paragraph -->\n<p>Egal ob Hardware-, Softwareprobleme, bei uns erhalten Sie umfassende Unterst\u00fctzung.<\/p>\n<p>Wir bieten die Fehlerdiagnose w\u00e4hrend der \u00d6ffnungszeit in unserer Werkstatt oder nach Terminvereinbarung auch bei Ihnen Zuhause bzw. im B\u00fcro an. Die meisten Softwareprobleme und kleinere Hardwareprobleme k\u00f6nnen auch vor Ort gel\u00f6st werden, was Ihnen den aufwendigen Abbau, Transport und Wiederaufbau der Computeranlage erspart. Sollte eine Vor-Ort-Reparatur technisch nicht m\u00f6glich sein, wird Ihr defektes Ger\u00e4t von dem Techniker in unsere Werkstatt gebracht und nach der Reparatur wieder zugestellt und angeschlossen.<\/p>\n<p>Soweit Ihr Rechner \u00fcber eine funktionsf\u00e4hige Internetverbindung verf\u00fcgt, k\u00f6nnen wir Sie auch via Fernwartung bei Software- und Bedienungsproblemen unterst\u00fctzen und prompte Hilfe ohne Wartezeiten anbieten.<\/p>\n<p>Unsere Dienstleistungen werden, unabh\u00e4ngig davon, ob die Reparatur in der Werkstatt oder vor Ort bzw. w\u00e4hrend der Gesch\u00e4ftszeit oder in der Notdienstzeit durchgef\u00fchrt wird, zu gleichen Konditionen angeboten. Bei Vor-Ort-Eins\u00e4tze im Umkreis von 10 km ist die Kilometerpauschale GRATIS.<\/p>\n<!-- \/wp:paragraph --><!-- wp:paragraph -->\n<p><a href=\"http:\/\/test.s385-fair4host.http-s.de\/index.php\/kontakt\/\">Fordern Sie unsere preiswerte und kompetente Hilfe an!<\/a><\/p>\n<!-- \/wp:paragraph --><\/div>\n\t\t\t\t<\/div>\n\t\t\t\t<\/div>\n\t\t\t\t\t\t<\/div>\n\t\t\t\t\t<\/div>\n\t\t<\/div>\n\t\t\t\t\t\t\t\t<\/div>\n\t\t\t\t\t<\/div>\n\t\t<\/section>\n\t\t\t\t\t\t<\/div>\n\t\t\t\t\t\t<\/div>\n\t\t\t\t\t<\/div>\n\t\t","protected":false},"excerpt":{"rendered":"<p>PC-Probleme? Wir haben die L\u00f6sung! Egal ob Hardware-, Softwareprobleme, bei uns erhalten Sie umfassende Unterst\u00fctzung. Wir bieten die Fehlerdiagnose w\u00e4hrend der \u00d6ffnungszeit in unserer Werkstatt oder nach Terminvereinbarung auch bei Ihnen Zuhause bzw. im B\u00fcro an. Die meisten Softwareprobleme und kleinere Hardwareprobleme k\u00f6nnen auch vor Ort gel\u00f6st werden, was Ihnen den aufwendigen Abbau, Transport und &hellip;<\/p>\n<p class=\"read-more\"> <a class=\"\" href=\"http:\/\/test.s385-fair4host.http-s.de\/index.php\/computerreparatur\/\"> <span class=\"screen-reader-text\">Computerreparatur<\/span> Weiterlesen &raquo;<\/a><\/p>\n","protected":false},"author":1,"featured_media":0,"parent":0,"menu_order":0,"comment_status":"closed","ping_status":"closed","template":"","meta":{"spay_email":""},"_links":{"self":[{"href":"http:\/\/test.s385-fair4host.http-s.de\/index.php\/wp-json\/wp\/v2\/pages\/110"}],"collection":[{"href":"http:\/\/test.s385-fair4host.http-s.de\/index.php\/wp-json\/wp\/v2\/pages"}],"about":[{"href":"http:\/\/test.s385-fair4host.http-s.de\/index.php\/wp-json\/wp\/v2\/types\/page"}],"author":[{"embeddable":true,"href":"http:\/\/test.s385-fair4host.http-s.de\/index.php\/wp-json\/wp\/v2\/users\/1"}],"replies":[{"embeddable":true,"href":"http:\/\/test.s385-fair4host.http-s.de\/index.php\/wp-json\/wp\/v2\/comments?post=110"}],"version-history":[{"count":9,"href":"http:\/\/test.s385-fair4host.http-s.de\/index.php\/wp-json\/wp\/v2\/pages\/110\/revisions"}],"predecessor-version":[{"id":20003079,"href":"http:\/\/test.s385-fair4host.http-s.de\/index.php\/wp-json\/wp\/v2\/pages\/110\/revisions\/20003079"}],"wp:attachment":[{"href":"http:\/\/test.s385-fair4host.http-s.de\/index.php\/wp-json\/wp\/v2\/media?parent=110"}],"curies":[{"name":"wp","href":"https:\/\/api.w.org\/{rel}","templated":true}]}}